{"id":5210,"date":"2024-02-15T19:55:49","date_gmt":"2024-02-15T18:55:49","guid":{"rendered":"https:\/\/dilumio.com\/?page_id=5210"},"modified":"2024-02-21T13:03:04","modified_gmt":"2024-02-21T12:03:04","slug":"we-develop","status":"publish","type":"page","link":"https:\/\/dilumio.com\/de\/we-develop\/","title":{"rendered":"We develop"},"content":{"rendered":"<section class=\"l-section wpb_row mc--section-image height_medium with_img\"><div class=\"l-section-img\" role=\"img\" data-img-width=\"2560\" data-img-height=\"1707\" style=\"background-image: url(https:\/\/dilumio.com\/wp-content\/uploads\/2021\/09\/Next-Step-Talent-bedrijfsfotos-LR-51-scaled.jpg);background-repeat: no-repeat;\"><\/div><div class=\"l-section-h i-cf\"><div class=\"g-cols vc_row via_flex valign_top type_default stacking_default\"><div class=\"vc_col-sm-12 wpb_column vc_column_container\"><div class=\"vc_column-inner\"><div class=\"wpb_wrapper\"><\/div><\/div><\/div><\/div><\/div><\/section><section class=\"l-section wpb_row us_custom_93aa3f8f height_medium\"><div class=\"l-section-h i-cf\"><div class=\"g-cols vc_row via_flex valign_top type_default stacking_default\"><div class=\"vc_col-sm-2 wpb_column vc_column_container\"><div class=\"vc_column-inner\"><div class=\"wpb_wrapper\"><\/div><\/div><\/div><div class=\"vc_col-sm-8 wpb_column vc_column_container\"><div class=\"vc_column-inner us_custom_a17a81c2 us_animate_this\"><div class=\"vc_column-overlay\" style=\"background:#ffffff\"><\/div><div class=\"wpb_wrapper\"><div class=\"wpb_text_column mc--h2-small\"><div class=\"wpb_wrapper\"><h1>We develop<\/h1>\n<h2>Learning &amp; Development mit Wirkung<\/h2>\n<\/div><\/div><div class=\"wpb_text_column\"><div class=\"wpb_wrapper\"><p>Nehmen Sie Platz an unserem Stand, wir sind bereit! Wir bieten innovative Workshops an, die von kurzen Espresso-Sessions bis zu mehrt\u00e4gigen Workshops reichen. Wir bringen gerne etwas in Bewegung und inspirieren unsere Teilnehmer mit einem provokanten und humorvollen Ansatz.<\/p>\n<\/div><\/div><\/div><\/div><\/div><div class=\"vc_col-sm-2 wpb_column vc_column_container\"><div class=\"vc_column-inner\"><div class=\"wpb_wrapper\"><\/div><\/div><\/div><\/div><\/div><\/section><section class=\"l-section wpb_row mc--padding-top height_medium\"><div class=\"l-section-h i-cf\"><div class=\"g-cols vc_row via_flex valign_top type_default stacking_default\"><div class=\"vc_col-sm-12 wpb_column vc_column_container\"><div class=\"vc_column-inner\"><div class=\"wpb_wrapper\"><div class=\"w-tabs layout_hor style_trendy switch_click has_scrolling\" style=\"--sections-title-size:1em\"><div class=\"w-tabs-list items_4 align_justify\"><div class=\"w-tabs-list-h\"><a class=\"w-tabs-item active defined-active\" aria-controls=\"content-i969\" aria-expanded=\"true\" title=\"Day-in-a-life assessment\" href=\"\/our-services\/we-asses\/day-in-a-life-assessment\/\"><span class=\"w-tabs-item-title\">Learning Journey Solutions<\/span><\/a><a class=\"w-tabs-item\" aria-controls=\"content-i2b4\" aria-expanded=\"false\" title=\"Management Drives\" href=\"\/our-services\/we-develop\/leadership-developement\/\"><span class=\"w-tabs-item-title\">Leadership Developement<\/span><\/a><a class=\"w-tabs-item\" aria-controls=\"content-w992\" aria-expanded=\"false\" title=\"Nesto testplatform\" href=\"\/our-services\/we-develop\/espresso-sessie\/\"><span class=\"w-tabs-item-title\">Espresso Sessies<\/span><\/a><a class=\"w-tabs-item\" aria-controls=\"content-e038\" aria-expanded=\"false\" title=\"Nesto testplatform\" href=\"\/our-services\/we-develop\/espresso-sessie\/\"><span class=\"w-tabs-item-title\">Management Drives<\/span><\/a><\/div><\/div><div class=\"w-tabs-sections titles-align_none icon_chevron cpos_right\"><div class=\"w-tabs-section active\" id=\"i969\"><button class=\"w-tabs-section-header active\" aria-controls=\"content-i969\" aria-expanded=\"true\"><div class=\"w-tabs-section-title\">Learning Journey Solutions<\/div><div class=\"w-tabs-section-control\"><\/div><\/button><div  class=\"w-tabs-section-content\" id=\"content-i969\"><div class=\"w-tabs-section-content-h i-cf\"><div class=\"g-cols wpb_row via_flex valign_middle type_default stacking_default\"><div class=\"vc_col-sm-4 wpb_column vc_column_container\"><div class=\"vc_column-inner\"><div class=\"wpb_wrapper\"><div class=\"w-image has_ratio align_none\"><div class=\"w-image-h\"><div style=\"padding-bottom:150%\"><\/div><img decoding=\"async\" width=\"1024\" height=\"683\" src=\"https:\/\/dilumio.com\/wp-content\/uploads\/2021\/09\/Next-Step-Talent-bedrijfsfotos-LR-34-1024x683.jpg\" class=\"attachment-large size-large\" alt=\"\" srcset=\"https:\/\/dilumio.com\/wp-content\/uploads\/2021\/09\/Next-Step-Talent-bedrijfsfotos-LR-34-1024x683.jpg 1024w, https:\/\/dilumio.com\/wp-content\/uploads\/2021\/09\/Next-Step-Talent-bedrijfsfotos-LR-34-300x200.jpg 300w\" sizes=\"(max-width: 1024px) 100vw, 1024px\" \/><\/div><\/div><\/div><\/div><\/div><div class=\"vc_col-sm-7 wpb_column vc_column_container mc-z-index\"><div class=\"vc_column-inner us_custom_72fc42ef\"><div class=\"wpb_wrapper\"><div class=\"wpb_text_column\"><div class=\"wpb_wrapper\"><h3>Learning Journey Solutions<\/h3>\n<p>Maximierung des ROI<\/p>\n<p>Eine <strong>Learning Journey<\/strong> dauert mehrere Monate und basiert auf <strong>Blended Learning<\/strong>. Durch den Einsatz verschiedener Lernmethoden und deren gute Abstimmung wird der Lerneffekt erh\u00f6ht und die Erkenntnisse werden vertieft. Die tats\u00e4chliche Anwendung in der t\u00e4glichen Praxis wird mehr und die Lernkurve gr\u00f6\u00dfer.<\/p>\n<\/div><\/div><div class=\"w-btn-wrapper align_none\"><a class=\"w-btn us-btn-style_1\" title=\"Day-in-a-life assessment\" href=\"\/de\/we-develop\/learning-journey-solutions\/\"><span class=\"w-btn-label\">Entdecken Sie mehr<\/span><\/a><\/div><\/div><\/div><\/div><div class=\"vc_col-sm-1 wpb_column vc_column_container\"><div class=\"vc_column-inner\"><div class=\"wpb_wrapper\"><\/div><\/div><\/div><\/div><\/div><\/div><\/div><div class=\"w-tabs-section\" id=\"i2b4\"><button class=\"w-tabs-section-header\" aria-controls=\"content-i2b4\" aria-expanded=\"false\"><div class=\"w-tabs-section-title\">Leadership Developement<\/div><div class=\"w-tabs-section-control\"><\/div><\/button><div  class=\"w-tabs-section-content\" id=\"content-i2b4\"><div class=\"w-tabs-section-content-h i-cf\"><div class=\"g-cols wpb_row via_flex valign_middle type_default stacking_default\"><div class=\"vc_col-sm-4 wpb_column vc_column_container\"><div class=\"vc_column-inner\"><div class=\"wpb_wrapper\"><div class=\"w-image has_ratio align_none\"><div class=\"w-image-h\"><div style=\"padding-bottom:150%\"><\/div><img decoding=\"async\" width=\"1024\" height=\"683\" src=\"https:\/\/dilumio.com\/wp-content\/uploads\/2021\/09\/Next-Step-Talent-bedrijfsfotos-LR-22-1024x683.jpg\" class=\"attachment-large size-large\" alt=\"\" srcset=\"https:\/\/dilumio.com\/wp-content\/uploads\/2021\/09\/Next-Step-Talent-bedrijfsfotos-LR-22-1024x683.jpg 1024w, https:\/\/dilumio.com\/wp-content\/uploads\/2021\/09\/Next-Step-Talent-bedrijfsfotos-LR-22-300x200.jpg 300w\" sizes=\"(max-width: 1024px) 100vw, 1024px\" \/><\/div><\/div><\/div><\/div><\/div><div class=\"vc_col-sm-7 wpb_column vc_column_container mc-z-index\"><div class=\"vc_column-inner us_custom_72fc42ef\"><div class=\"wpb_wrapper\"><div class=\"wpb_text_column\"><div class=\"wpb_wrapper\"><h3>Leadership development<\/h3>\n<p>Mitarbeiter verlassen nicht ein Unternehmen, sondern eine F\u00fchrungskraft!<\/p>\n<p>Die Wirkung einer guten F\u00fchrung wird immer noch oft untersch\u00e4tzt. Dabei kennen wir alle den Unterschied zwischen einer guten und einer schlechten F\u00fchrungskraft, jeder Mitarbeiter hat dies auf die eine oder andere Weise erfahren. Eine Investition in die Entwicklung von F\u00fchrungskr\u00e4ften ist eine Investition in das gesamte Unternehmen.<\/p>\n<\/div><\/div><div class=\"w-btn-wrapper align_none\"><a class=\"w-btn us-btn-style_1\" title=\"Management Drives\" href=\"\/de\/we-develop\/leadership-developement\/\"><span class=\"w-btn-label\">Entdecken Sie mehr<\/span><\/a><\/div><\/div><\/div><\/div><div class=\"vc_col-sm-1 wpb_column vc_column_container\"><div class=\"vc_column-inner\"><div class=\"wpb_wrapper\"><\/div><\/div><\/div><\/div><\/div><\/div><\/div><div class=\"w-tabs-section\" id=\"w992\"><button class=\"w-tabs-section-header\" aria-controls=\"content-w992\" aria-expanded=\"false\"><div class=\"w-tabs-section-title\">Espresso Sessies<\/div><div class=\"w-tabs-section-control\"><\/div><\/button><div  class=\"w-tabs-section-content\" id=\"content-w992\"><div class=\"w-tabs-section-content-h i-cf\"><div class=\"g-cols wpb_row via_flex valign_middle type_default stacking_default\"><div class=\"vc_col-sm-4 wpb_column vc_column_container\"><div class=\"vc_column-inner\"><div class=\"wpb_wrapper\"><div class=\"w-image has_ratio align_none\"><div class=\"w-image-h\"><div style=\"padding-bottom:150%\"><\/div><img decoding=\"async\" width=\"1024\" height=\"683\" src=\"https:\/\/dilumio.com\/wp-content\/uploads\/2021\/09\/Next-Step-Talent-bedrijfsfotos-LR-65-1024x683.jpg\" class=\"attachment-large size-large\" alt=\"\" srcset=\"https:\/\/dilumio.com\/wp-content\/uploads\/2021\/09\/Next-Step-Talent-bedrijfsfotos-LR-65-1024x683.jpg 1024w, https:\/\/dilumio.com\/wp-content\/uploads\/2021\/09\/Next-Step-Talent-bedrijfsfotos-LR-65-300x200.jpg 300w\" sizes=\"(max-width: 1024px) 100vw, 1024px\" \/><\/div><\/div><\/div><\/div><\/div><div class=\"vc_col-sm-7 wpb_column vc_column_container mc-z-index\"><div class=\"vc_column-inner us_custom_72fc42ef\"><div class=\"wpb_wrapper\"><div class=\"wpb_text_column\"><div class=\"wpb_wrapper\"><h3>Espresso Session<\/h3>\n<p>Kraftvoll &#8211; Intensiv &#8211; Konzentriert &#8211; Unterhaltsam<\/p>\n<p>Espresso-Sessions sind kurze Workshops von 90 Minuten, die sich auf ein spezifisches Thema konzentrieren. Die Sitzungen leiten ihren Namen von den Eigenschaften eines Espressos ab: kompakt, kraftvoll, intensiv, &#8222;im Moment&#8220; und ausreichend, um danach noch zu genie\u00dfen.<\/p>\n<p>Espresso-Sessions sind die Antwort auf die Nachfrage nach kurzen Workshops und Schulungen mit hoher Energie, hohem Tempo und interaktiver Dynamik.<\/p>\n<\/div><\/div><div class=\"w-btn-wrapper align_none\"><a class=\"w-btn us-btn-style_1\" title=\"Day-in-a-life assessment\" href=\"\/de\/we-develop\/espresso-sessie\/\"><span class=\"w-btn-label\">Entdecken Sie mehr<\/span><\/a><\/div><\/div><\/div><\/div><div class=\"vc_col-sm-1 wpb_column vc_column_container\"><div class=\"vc_column-inner\"><div class=\"wpb_wrapper\"><\/div><\/div><\/div><\/div><\/div><\/div><\/div><div class=\"w-tabs-section\" id=\"e038\"><button class=\"w-tabs-section-header\" aria-controls=\"content-e038\" aria-expanded=\"false\"><div class=\"w-tabs-section-title\">Management Drives<\/div><div class=\"w-tabs-section-control\"><\/div><\/button><div  class=\"w-tabs-section-content\" id=\"content-e038\"><div class=\"w-tabs-section-content-h i-cf\"><div class=\"g-cols wpb_row via_flex valign_middle type_default stacking_default\"><div class=\"vc_col-sm-4 wpb_column vc_column_container\"><div class=\"vc_column-inner\"><div class=\"wpb_wrapper\"><div class=\"w-image has_ratio align_none\"><div class=\"w-image-h\"><div style=\"padding-bottom:150%\"><\/div><img decoding=\"async\" width=\"683\" height=\"1024\" src=\"https:\/\/dilumio.com\/wp-content\/uploads\/2023\/10\/Lumio-stock-12-683x1024.jpg\" class=\"attachment-large size-large\" alt=\"\" srcset=\"https:\/\/dilumio.com\/wp-content\/uploads\/2023\/10\/Lumio-stock-12-683x1024.jpg 683w, https:\/\/dilumio.com\/wp-content\/uploads\/2023\/10\/Lumio-stock-12-200x300.jpg 200w, https:\/\/dilumio.com\/wp-content\/uploads\/2023\/10\/Lumio-stock-12-scaled.jpg 1707w\" sizes=\"(max-width: 683px) 100vw, 683px\" \/><\/div><\/div><\/div><\/div><\/div><div class=\"vc_col-sm-7 wpb_column vc_column_container mc-z-index\"><div class=\"vc_column-inner us_custom_72fc42ef\"><div class=\"wpb_wrapper\"><div class=\"wpb_text_column\"><div class=\"wpb_wrapper\"><h3>Management Drives<\/h3>\n<p><strong>Sechs Farben. Eine Matrix<\/strong>. Das ist alles, was Sie brauchen, um die treibenden Kr\u00e4fte einer Person, eines Teams oder einer Organisation zu visualisieren. Jede Farbe steht f\u00fcr einen bestimmten Stil, ein bestimmtes Verhalten, eine bestimmte Kultur usw. Warum Farben? Weil sie neutraler und universeller sind als Worte. Es geht nicht darum, Menschen zu kategorisieren oder in Schubladen zu stecken. Es geht darum, den Menschen zu erm\u00f6glichen, ganz sie selbst zu sein, sich verstanden zu f\u00fchlen und andere zu verstehen. Stellen Sie sich nur einmal die M\u00f6glichkeiten vor, die sich ergeben, wenn jeder sich selbst und die Menschen um sich herum versteht, und was Sie gemeinsam erreichen k\u00f6nnten!<\/p>\n<\/div><\/div><div class=\"w-btn-wrapper align_none\"><a class=\"w-btn us-btn-style_1\" title=\"Management Drives\" href=\"\/de\/our-services\/management-drives\/\"><span class=\"w-btn-label\">Entdeken Sie mehr<\/span><\/a><\/div><\/div><\/div><\/div><div class=\"vc_col-sm-1 wpb_column vc_column_container\"><div class=\"vc_column-inner\"><div class=\"wpb_wrapper\"><\/div><\/div><\/div><\/div><\/div><\/div><\/div><\/div><\/div><\/div><\/div><\/div><\/div><\/div><\/section><section class=\"l-section wpb_row mc--cta height_medium\"><div class=\"l-section-h i-cf\"><div class=\"g-cols vc_row via_flex valign_middle type_default stacking_default\"><div class=\"vc_col-sm-1 wpb_column vc_column_container\"><div class=\"vc_column-inner\"><div class=\"wpb_wrapper\"><\/div><\/div><\/div><div class=\"vc_col-sm-6 wpb_column vc_column_container\"><div class=\"vc_column-inner us_custom_761f7f82 us_animate_this\"><div class=\"vc_column-overlay\" style=\"background:#9BCEA4\"><\/div><div class=\"wpb_wrapper\"><div class=\"wpb_text_column us_custom_6df4bc3a has_text_color\"><div class=\"wpb_wrapper\"><h2>Sind Sie neugierig auf die M\u00f6glichkeiten f\u00fcr Ihre Entwicklung?<\/h2>\n<p>Mail: <a href=\"mailto:info@lumioleadership.nl\">info@lumioleadership.nl<\/a><br \/>\nTelefon: <a href=\"tel:0031852737904\">+31 (0)85 273 7904<\/a><\/p>\n<\/div><\/div><div class=\"w-btn-wrapper align_none\"><a class=\"w-btn us-btn-style_1 icon_atright\" title=\"Day-in-a-life assessment\" href=\"\/de\/contact\/\"><span class=\"w-btn-label\">Kontaktieren Sie uns<\/span><i class=\"fas fa-a\"><\/i><\/a><\/div><\/div><\/div><\/div><div class=\"vc_col-sm-4 wpb_column vc_column_container\"><div class=\"vc_column-inner us_custom_47474b22 us_animate_this\"><div class=\"wpb_wrapper\"><div class=\"w-image us_custom_33e52dd0 has_ratio align_none\"><div class=\"w-image-h\"><div style=\"padding-bottom:150%\"><\/div><img decoding=\"async\" width=\"683\" height=\"1024\" src=\"https:\/\/dilumio.com\/wp-content\/uploads\/2021\/09\/Next-Step-Talent-bedrijfsfotos-LR-1-683x1024.jpg\" class=\"attachment-large size-large\" alt=\"\" srcset=\"https:\/\/dilumio.com\/wp-content\/uploads\/2021\/09\/Next-Step-Talent-bedrijfsfotos-LR-1-683x1024.jpg 683w, https:\/\/dilumio.com\/wp-content\/uploads\/2021\/09\/Next-Step-Talent-bedrijfsfotos-LR-1-200x300.jpg 200w, https:\/\/dilumio.com\/wp-content\/uploads\/2021\/09\/Next-Step-Talent-bedrijfsfotos-LR-1-scaled.jpg 1707w\" sizes=\"(max-width: 683px) 100vw, 683px\" \/><\/div><\/div><\/div><\/div><\/div><div class=\"vc_col-sm-1 wpb_column vc_column_container\"><div class=\"vc_column-inner\"><div class=\"wpb_wrapper\"><\/div><\/div><\/div><\/div><\/div><\/section>\n","protected":false},"excerpt":{"rendered":"We develop Learning &amp; Development mit Wirkung Nehmen Sie Platz an unserem Stand, wir sind bereit! Wir bieten innovative Workshops an, die von kurzen Espresso-Sessions bis zu mehrt\u00e4gigen Workshops reichen. Wir bringen gerne etwas in Bewegung und inspirieren unsere Teilnehmer mit einem provokanten und humorvollen Ansatz. Learning Journey SolutionsLeadership DevelopementEspresso SessiesManagement DrivesLearning Journey SolutionsLearning Journey...","protected":false},"author":1,"featured_media":0,"parent":0,"menu_order":0,"comment_status":"closed","ping_status":"closed","template":"","meta":{"_acf_changed":false,"footnotes":""},"class_list":["post-5210","page","type-page","status-publish","hentry"],"acf":[],"yoast_head":"<!-- This site is optimized with the Yoast SEO plugin v26.6 - https:\/\/yoast.com\/wordpress\/plugins\/seo\/ -->\n<title>We develop - Lumio leadership<\/title>\n<meta name=\"robots\" content=\"index, follow, max-snippet:-1, max-image-preview:large, max-video-preview:-1\" \/>\n<link rel=\"canonical\" href=\"https:\/\/dilumio.com\/de\/we-develop\/\" \/>\n<meta property=\"og:locale\" content=\"de_DE\" \/>\n<meta property=\"og:type\" content=\"article\" \/>\n<meta property=\"og:title\" content=\"We develop - Lumio leadership\" \/>\n<meta property=\"og:url\" content=\"https:\/\/dilumio.com\/de\/we-develop\/\" \/>\n<meta property=\"og:site_name\" content=\"Lumio leadership\" \/>\n<meta property=\"article:modified_time\" content=\"2024-02-21T12:03:04+00:00\" \/>\n<meta name=\"twitter:card\" content=\"summary_large_image\" \/>\n<meta name=\"twitter:label1\" content=\"Gesch\u00e4tzte Lesezeit\" \/>\n\t<meta name=\"twitter:data1\" content=\"4\u00a0Minuten\" \/>\n<script type=\"application\/ld+json\" class=\"yoast-schema-graph\">{\"@context\":\"https:\/\/schema.org\",\"@graph\":[{\"@type\":\"WebPage\",\"@id\":\"https:\/\/dilumio.com\/de\/we-develop\/\",\"url\":\"https:\/\/dilumio.com\/de\/we-develop\/\",\"name\":\"We develop - Lumio leadership\",\"isPartOf\":{\"@id\":\"https:\/\/dilumio.com\/#website\"},\"datePublished\":\"2024-02-15T18:55:49+00:00\",\"dateModified\":\"2024-02-21T12:03:04+00:00\",\"breadcrumb\":{\"@id\":\"https:\/\/dilumio.com\/de\/we-develop\/#breadcrumb\"},\"inLanguage\":\"de\",\"potentialAction\":[{\"@type\":\"ReadAction\",\"target\":[\"https:\/\/dilumio.com\/de\/we-develop\/\"]}]},{\"@type\":\"BreadcrumbList\",\"@id\":\"https:\/\/dilumio.com\/de\/we-develop\/#breadcrumb\",\"itemListElement\":[{\"@type\":\"ListItem\",\"position\":1,\"name\":\"Home\",\"item\":\"https:\/\/dilumio.com\/de\/\"},{\"@type\":\"ListItem\",\"position\":2,\"name\":\"We develop\"}]},{\"@type\":\"WebSite\",\"@id\":\"https:\/\/dilumio.com\/#website\",\"url\":\"https:\/\/dilumio.com\/\",\"name\":\"Lumio leadership\",\"description\":\"\",\"potentialAction\":[{\"@type\":\"SearchAction\",\"target\":{\"@type\":\"EntryPoint\",\"urlTemplate\":\"https:\/\/dilumio.com\/?s={search_term_string}\"},\"query-input\":{\"@type\":\"PropertyValueSpecification\",\"valueRequired\":true,\"valueName\":\"search_term_string\"}}],\"inLanguage\":\"de\"}]}<\/script>\n<!-- \/ Yoast SEO plugin. -->","yoast_head_json":{"title":"We develop - Lumio leadership","robots":{"index":"index","follow":"follow","max-snippet":"max-snippet:-1","max-image-preview":"max-image-preview:large","max-video-preview":"max-video-preview:-1"},"canonical":"https:\/\/dilumio.com\/de\/we-develop\/","og_locale":"de_DE","og_type":"article","og_title":"We develop - Lumio leadership","og_url":"https:\/\/dilumio.com\/de\/we-develop\/","og_site_name":"Lumio leadership","article_modified_time":"2024-02-21T12:03:04+00:00","twitter_card":"summary_large_image","twitter_misc":{"Gesch\u00e4tzte Lesezeit":"4\u00a0Minuten"},"schema":{"@context":"https:\/\/schema.org","@graph":[{"@type":"WebPage","@id":"https:\/\/dilumio.com\/de\/we-develop\/","url":"https:\/\/dilumio.com\/de\/we-develop\/","name":"We develop - Lumio leadership","isPartOf":{"@id":"https:\/\/dilumio.com\/#website"},"datePublished":"2024-02-15T18:55:49+00:00","dateModified":"2024-02-21T12:03:04+00:00","breadcrumb":{"@id":"https:\/\/dilumio.com\/de\/we-develop\/#breadcrumb"},"inLanguage":"de","potentialAction":[{"@type":"ReadAction","target":["https:\/\/dilumio.com\/de\/we-develop\/"]}]},{"@type":"BreadcrumbList","@id":"https:\/\/dilumio.com\/de\/we-develop\/#breadcrumb","itemListElement":[{"@type":"ListItem","position":1,"name":"Home","item":"https:\/\/dilumio.com\/de\/"},{"@type":"ListItem","position":2,"name":"We develop"}]},{"@type":"WebSite","@id":"https:\/\/dilumio.com\/#website","url":"https:\/\/dilumio.com\/","name":"Lumio leadership","description":"","potentialAction":[{"@type":"SearchAction","target":{"@type":"EntryPoint","urlTemplate":"https:\/\/dilumio.com\/?s={search_term_string}"},"query-input":{"@type":"PropertyValueSpecification","valueRequired":true,"valueName":"search_term_string"}}],"inLanguage":"de"}]}},"_links":{"self":[{"href":"https:\/\/dilumio.com\/de\/wp-json\/wp\/v2\/pages\/5210","targetHints":{"allow":["GET"]}}],"collection":[{"href":"https:\/\/dilumio.com\/de\/wp-json\/wp\/v2\/pages"}],"about":[{"href":"https:\/\/dilumio.com\/de\/wp-json\/wp\/v2\/types\/page"}],"author":[{"embeddable":true,"href":"https:\/\/dilumio.com\/de\/wp-json\/wp\/v2\/users\/1"}],"replies":[{"embeddable":true,"href":"https:\/\/dilumio.com\/de\/wp-json\/wp\/v2\/comments?post=5210"}],"version-history":[{"count":0,"href":"https:\/\/dilumio.com\/de\/wp-json\/wp\/v2\/pages\/5210\/revisions"}],"wp:attachment":[{"href":"https:\/\/dilumio.com\/de\/wp-json\/wp\/v2\/media?parent=5210"}],"curies":[{"name":"wp","href":"https:\/\/api.w.org\/{rel}","templated":true}]}}