{"id":5207,"date":"2024-02-15T19:55:32","date_gmt":"2024-02-15T18:55:32","guid":{"rendered":"https:\/\/dilumio.com\/?page_id=5207"},"modified":"2024-02-21T12:54:58","modified_gmt":"2024-02-21T11:54:58","slug":"we-assess","status":"publish","type":"page","link":"https:\/\/dilumio.com\/de\/we-assess\/","title":{"rendered":"We assess"},"content":{"rendered":"<section class=\"l-section wpb_row mc--section-image height_medium with_img\"><div class=\"l-section-img\" role=\"img\" data-img-width=\"2560\" data-img-height=\"1707\" style=\"background-image: url(https:\/\/dilumio.com\/wp-content\/uploads\/2021\/09\/Next-Step-Talent-bedrijfsfotos-LR-31-scaled.jpg);background-repeat: no-repeat;\"><\/div><div class=\"l-section-h i-cf\"><div class=\"g-cols vc_row via_flex valign_top type_default stacking_default\"><div class=\"vc_col-sm-12 wpb_column vc_column_container\"><div class=\"vc_column-inner\"><div class=\"wpb_wrapper\"><\/div><\/div><\/div><\/div><\/div><\/section><section class=\"l-section wpb_row us_custom_93aa3f8f height_medium\"><div class=\"l-section-h i-cf\"><div class=\"g-cols vc_row via_flex valign_top type_default stacking_default\"><div class=\"vc_col-sm-2 wpb_column vc_column_container\"><div class=\"vc_column-inner\"><div class=\"wpb_wrapper\"><\/div><\/div><\/div><div class=\"vc_col-sm-8 wpb_column vc_column_container\"><div class=\"vc_column-inner us_custom_a17a81c2 us_animate_this\"><div class=\"vc_column-overlay\" style=\"background:#ffffff\"><\/div><div class=\"wpb_wrapper\"><div class=\"wpb_text_column mc--h2-small\"><div class=\"wpb_wrapper\"><h1>We assess<\/h1>\n<h2>Ausgepr\u00e4gte Assessments mit konkreten Ratschl\u00e4gen!<\/h2>\n<\/div><\/div><div class=\"wpb_text_column\"><div class=\"wpb_wrapper\"><p>Wir bieten eine ganze Reihe von Assessments an, beraten gezielt und sind immer konkret! Unser Ansatz zeichnet sich durch sein spezifisches Design und seine Aufmerksamkeit f\u00fcr die <strong>Erfahrung der Bewerber<\/strong> aus. Neugierig? Fragen Sie nach den M\u00f6glichkeiten!<\/p>\n<\/div><\/div><\/div><\/div><\/div><div class=\"vc_col-sm-2 wpb_column vc_column_container\"><div class=\"vc_column-inner\"><div class=\"wpb_wrapper\"><\/div><\/div><\/div><\/div><\/div><\/section><section class=\"l-section wpb_row mc--padding-top height_medium\"><div class=\"l-section-h i-cf\"><div class=\"g-cols vc_row via_flex valign_top type_default stacking_default\"><div class=\"vc_col-sm-12 wpb_column vc_column_container\"><div class=\"vc_column-inner\"><div class=\"wpb_wrapper\"><div class=\"w-tabs layout_hor style_trendy switch_click has_scrolling\" style=\"--sections-title-size:1em\"><div class=\"w-tabs-list items_3 align_justify\"><div class=\"w-tabs-list-h\"><button class=\"w-tabs-item active defined-active\" aria-controls=\"content-assess\" aria-expanded=\"true\"><span class=\"w-tabs-item-title\">Day-in-a-life assessment<\/span><\/button><button class=\"w-tabs-item\" aria-controls=\"content-management\" aria-expanded=\"false\"><span class=\"w-tabs-item-title\">Management Drives<\/span><\/button><button class=\"w-tabs-item\" aria-controls=\"content-nesto\" aria-expanded=\"false\"><span class=\"w-tabs-item-title\">Nesto testplatform<\/span><\/button><\/div><\/div><div class=\"w-tabs-sections titles-align_none icon_chevron cpos_right\"><div class=\"w-tabs-section active\" id=\"assess\"><button class=\"w-tabs-section-header active\" aria-controls=\"content-assess\" aria-expanded=\"true\"><div class=\"w-tabs-section-title\">Day-in-a-life assessment<\/div><div class=\"w-tabs-section-control\"><\/div><\/button><div  class=\"w-tabs-section-content\" id=\"content-assess\"><div class=\"w-tabs-section-content-h i-cf\"><div class=\"g-cols wpb_row via_flex valign_middle type_default stacking_default\"><div class=\"vc_col-sm-4 wpb_column vc_column_container\"><div class=\"vc_column-inner\"><div class=\"wpb_wrapper\"><div class=\"w-image has_ratio align_none\"><div class=\"w-image-h\"><div style=\"padding-bottom:150%\"><\/div><img decoding=\"async\" width=\"1024\" height=\"683\" src=\"https:\/\/dilumio.com\/wp-content\/uploads\/2021\/09\/Next-Step-Talent-bedrijfsfotos-LR-76-1024x683.jpg\" class=\"attachment-large size-large\" alt=\"\" srcset=\"https:\/\/dilumio.com\/wp-content\/uploads\/2021\/09\/Next-Step-Talent-bedrijfsfotos-LR-76-1024x683.jpg 1024w, https:\/\/dilumio.com\/wp-content\/uploads\/2021\/09\/Next-Step-Talent-bedrijfsfotos-LR-76-300x200.jpg 300w\" sizes=\"(max-width: 1024px) 100vw, 1024px\" \/><\/div><\/div><\/div><\/div><\/div><div class=\"vc_col-sm-7 wpb_column vc_column_container mc-z-index\"><div class=\"vc_column-inner us_custom_72fc42ef\"><div class=\"wpb_wrapper\"><div class=\"wpb_text_column\"><div class=\"wpb_wrapper\"><h3>Day-in-a-life assessment<\/h3>\n<p><span class=\"mc-light\">Selektion &amp; Entwicklung<\/span><\/p>\n<p>Die &#8222;Day-in-a-life&#8220;-Erfahrung ist ein einzigartiges Assessment, bei dem der Kandidat eine integrierte Simulation eines halben oder ganzen Tages durchl\u00e4uft. Der Kandidat bekommt einen Tag lang einen Job in einem fiktiven Unternehmen zugewiesen und wird mit allt\u00e4glichen gesch\u00e4ftlichen Herausforderungen konfrontiert, tritt mit Kollegen, Kunden und Interessengruppen in Kontakt und sendet und empf\u00e4ngt E-Mails. Kurz gesagt, es bietet eine vollst\u00e4ndige und nahtlos zugeschnittene Erfahrung.<\/p>\n<\/div><\/div><div class=\"w-btn-wrapper align_none\"><a class=\"w-btn us-btn-style_1\" title=\"Day-in-a-life assessment\" href=\"\/de\/we-assess\/day-in-a-life-assessment\/\"><span class=\"w-btn-label\">Entdecken Sie mehr<\/span><\/a><\/div><\/div><\/div><\/div><div class=\"vc_col-sm-1 wpb_column vc_column_container\"><div class=\"vc_column-inner\"><div class=\"wpb_wrapper\"><\/div><\/div><\/div><\/div><\/div><\/div><\/div><div class=\"w-tabs-section\" id=\"management\"><button class=\"w-tabs-section-header\" aria-controls=\"content-management\" aria-expanded=\"false\"><div class=\"w-tabs-section-title\">Management Drives<\/div><div class=\"w-tabs-section-control\"><\/div><\/button><div  class=\"w-tabs-section-content\" id=\"content-management\"><div class=\"w-tabs-section-content-h i-cf\"><div class=\"g-cols wpb_row via_flex valign_middle type_default stacking_default\"><div class=\"vc_col-sm-4 wpb_column vc_column_container\"><div class=\"vc_column-inner\"><div class=\"wpb_wrapper\"><div class=\"w-image has_ratio align_none\"><div class=\"w-image-h\"><div style=\"padding-bottom:150%\"><\/div><img decoding=\"async\" width=\"683\" height=\"1024\" src=\"https:\/\/dilumio.com\/wp-content\/uploads\/2023\/10\/Lumio-stock-12-683x1024.jpg\" class=\"attachment-large size-large\" alt=\"\" srcset=\"https:\/\/dilumio.com\/wp-content\/uploads\/2023\/10\/Lumio-stock-12-683x1024.jpg 683w, https:\/\/dilumio.com\/wp-content\/uploads\/2023\/10\/Lumio-stock-12-200x300.jpg 200w, https:\/\/dilumio.com\/wp-content\/uploads\/2023\/10\/Lumio-stock-12-scaled.jpg 1707w\" sizes=\"(max-width: 683px) 100vw, 683px\" \/><\/div><\/div><\/div><\/div><\/div><div class=\"vc_col-sm-7 wpb_column vc_column_container mc-z-index\"><div class=\"vc_column-inner us_custom_72fc42ef\"><div class=\"wpb_wrapper\"><div class=\"wpb_text_column\"><div class=\"wpb_wrapper\"><h3>Management Drives<\/h3>\n<p>Sechs Farben. Eine Matrix. Das ist alles, was Sie brauchen, um die treibenden Kr\u00e4fte einer Person, eines Teams oder einer Organisation zu visualisieren. Jede Farbe steht f\u00fcr einen bestimmten Stil, ein bestimmtes Verhalten, eine bestimmte Kultur usw. Warum Farben? Weil sie neutraler und universeller sind als Worte. Es geht nicht darum, Menschen zu kategorisieren oder in Schubladen zu stecken. Es geht darum, den Menschen zu erm\u00f6glichen, ganz sie selbst zu sein, sich verstanden zu f\u00fchlen und andere zu verstehen. Stellen Sie sich nur einmal die M\u00f6glichkeiten vor, die sich ergeben, wenn jeder sich selbst und die Menschen um sich herum versteht, und was Sie gemeinsam erreichen k\u00f6nnten!<\/p>\n<\/div><\/div><div class=\"w-btn-wrapper align_none\"><a class=\"w-btn us-btn-style_1\" title=\"Management Drives\" href=\"https:\/\/www.lumioleadership.com\/de\/management-drives\/\"><span class=\"w-btn-label\">Entdecken Sie mehr<\/span><\/a><\/div><\/div><\/div><\/div><div class=\"vc_col-sm-1 wpb_column vc_column_container\"><div class=\"vc_column-inner\"><div class=\"wpb_wrapper\"><\/div><\/div><\/div><\/div><\/div><\/div><\/div><div class=\"w-tabs-section\" id=\"nesto\"><button class=\"w-tabs-section-header\" aria-controls=\"content-nesto\" aria-expanded=\"false\"><div class=\"w-tabs-section-title\">Nesto testplatform<\/div><div class=\"w-tabs-section-control\"><\/div><\/button><div  class=\"w-tabs-section-content\" id=\"content-nesto\"><div class=\"w-tabs-section-content-h i-cf\"><div class=\"g-cols wpb_row via_flex valign_middle type_default stacking_default\"><div class=\"vc_col-sm-4 wpb_column vc_column_container\"><div class=\"vc_column-inner\"><div class=\"wpb_wrapper\"><div class=\"w-image has_ratio align_none\"><div class=\"w-image-h\"><div style=\"padding-bottom:150%\"><\/div><img decoding=\"async\" width=\"839\" height=\"1024\" src=\"https:\/\/dilumio.com\/wp-content\/uploads\/2021\/11\/nesto-839x1024.jpg\" class=\"attachment-large size-large\" alt=\"\" srcset=\"https:\/\/dilumio.com\/wp-content\/uploads\/2021\/11\/nesto-839x1024.jpg 839w, https:\/\/dilumio.com\/wp-content\/uploads\/2021\/11\/nesto-246x300.jpg 246w, https:\/\/dilumio.com\/wp-content\/uploads\/2021\/11\/nesto.jpg 1092w\" sizes=\"(max-width: 839px) 100vw, 839px\" \/><\/div><\/div><\/div><\/div><\/div><div class=\"vc_col-sm-7 wpb_column vc_column_container mc-z-index\"><div class=\"vc_column-inner us_custom_72fc42ef\"><div class=\"wpb_wrapper\"><div class=\"wpb_text_column\"><div class=\"wpb_wrapper\"><h3>Nesto-Testplattform<\/h3>\n<p>Wir k\u00f6nnen unser eigenes Next Step Talent Testportal (Nesto) ganz im Stil eines jeden Unternehmens erstellen. Nesto bietet eine zug\u00e4ngliche, schnelle und einfache M\u00f6glichkeit, einen Einblick in die Qualit\u00e4ten von Mitarbeitern zu erhalten.<\/p>\n<\/div><\/div><div class=\"w-btn-wrapper align_none\"><a class=\"w-btn us-btn-style_1\" title=\"Nesto testplatform\" href=\"\/de\/we-assess\/nesto-testplatform\/\"><span class=\"w-btn-label\">Entdecken Sie mehr<\/span><\/a><\/div><\/div><\/div><\/div><div class=\"vc_col-sm-1 wpb_column vc_column_container\"><div class=\"vc_column-inner\"><div class=\"wpb_wrapper\"><\/div><\/div><\/div><\/div><\/div><\/div><\/div><\/div><\/div><\/div><\/div><\/div><\/div><\/div><\/section><section class=\"l-section wpb_row mc--cta height_medium\"><div class=\"l-section-h i-cf\"><div class=\"g-cols vc_row via_flex valign_middle type_default stacking_default\"><div class=\"vc_col-sm-1 wpb_column vc_column_container\"><div class=\"vc_column-inner\"><div class=\"wpb_wrapper\"><\/div><\/div><\/div><div class=\"vc_col-sm-6 wpb_column vc_column_container\"><div class=\"vc_column-inner us_custom_761f7f82 us_animate_this\"><div class=\"vc_column-overlay\" style=\"background:#9BCEA4\"><\/div><div class=\"wpb_wrapper\"><div class=\"wpb_text_column us_custom_6df4bc3a has_text_color\"><div class=\"wpb_wrapper\"><h2>Wie k\u00f6nnen wir Ihnen mit einer einzigartigen L\u00f6sung weiterhelfen?<\/h2>\n<p>Mail: <a href=\"mailto:info@lumioleadership.nl\">info@lumioleadership.nl<\/a><br \/>\nTelefon: <a href=\"tel:0031852737904\">+31 (0)85 273 7904<\/a>\u00a0oder <a href=\"tel:+49 (0)211 88 250 -222\">+49 (0)211 88 250 222<\/a><\/p>\n<\/div><\/div><div class=\"w-btn-wrapper align_none\"><a class=\"w-btn us-btn-style_2\" title=\"Day-in-a-life assessment\" href=\"\/de\/contact\/\"><span class=\"w-btn-label\">Kontaktieren Sie uns<\/span><\/a><\/div><\/div><\/div><\/div><div class=\"vc_col-sm-4 wpb_column vc_column_container\"><div class=\"vc_column-inner us_custom_47474b22 us_animate_this\"><div class=\"wpb_wrapper\"><div class=\"w-image us_custom_33e52dd0 has_ratio align_none\"><div class=\"w-image-h\"><div style=\"padding-bottom:150%\"><\/div><img decoding=\"async\" width=\"683\" height=\"1024\" src=\"https:\/\/dilumio.com\/wp-content\/uploads\/2021\/09\/Next-Step-Talent-bedrijfsfotos-LR-1-683x1024.jpg\" class=\"attachment-large size-large\" alt=\"\" srcset=\"https:\/\/dilumio.com\/wp-content\/uploads\/2021\/09\/Next-Step-Talent-bedrijfsfotos-LR-1-683x1024.jpg 683w, https:\/\/dilumio.com\/wp-content\/uploads\/2021\/09\/Next-Step-Talent-bedrijfsfotos-LR-1-200x300.jpg 200w, https:\/\/dilumio.com\/wp-content\/uploads\/2021\/09\/Next-Step-Talent-bedrijfsfotos-LR-1-scaled.jpg 1707w\" sizes=\"(max-width: 683px) 100vw, 683px\" \/><\/div><\/div><\/div><\/div><\/div><div class=\"vc_col-sm-1 wpb_column vc_column_container\"><div class=\"vc_column-inner\"><div class=\"wpb_wrapper\"><\/div><\/div><\/div><\/div><\/div><\/section>\n","protected":false},"excerpt":{"rendered":"We assess Ausgepr\u00e4gte Assessments mit konkreten Ratschl\u00e4gen! Wir bieten eine ganze Reihe von Assessments an, beraten gezielt und sind immer konkret! Unser Ansatz zeichnet sich durch sein spezifisches Design und seine Aufmerksamkeit f\u00fcr die Erfahrung der Bewerber aus. Neugierig? Fragen Sie nach den M\u00f6glichkeiten! Day-in-a-life assessmentManagement DrivesNesto testplatformDay-in-a-life assessmentDay-in-a-life assessment Selektion &amp; Entwicklung Die &#8222;Day-in-a-life&#8220;-Erfahrung...","protected":false},"author":1,"featured_media":0,"parent":0,"menu_order":0,"comment_status":"closed","ping_status":"closed","template":"","meta":{"_acf_changed":false,"footnotes":""},"class_list":["post-5207","page","type-page","status-publish","hentry"],"acf":[],"yoast_head":"<!-- This site is optimized with the Yoast SEO plugin v26.6 - https:\/\/yoast.com\/wordpress\/plugins\/seo\/ -->\n<title>We assess - Lumio leadership<\/title>\n<meta name=\"robots\" content=\"index, follow, max-snippet:-1, max-image-preview:large, max-video-preview:-1\" \/>\n<link rel=\"canonical\" href=\"https:\/\/dilumio.com\/de\/we-assess\/\" \/>\n<meta property=\"og:locale\" content=\"de_DE\" \/>\n<meta property=\"og:type\" content=\"article\" \/>\n<meta property=\"og:title\" content=\"We assess - Lumio leadership\" \/>\n<meta property=\"og:url\" content=\"https:\/\/dilumio.com\/de\/we-assess\/\" \/>\n<meta property=\"og:site_name\" content=\"Lumio leadership\" \/>\n<meta property=\"article:modified_time\" content=\"2024-02-21T11:54:58+00:00\" \/>\n<meta name=\"twitter:card\" content=\"summary_large_image\" \/>\n<meta name=\"twitter:label1\" content=\"Gesch\u00e4tzte Lesezeit\" \/>\n\t<meta name=\"twitter:data1\" content=\"3\u00a0Minuten\" \/>\n<script type=\"application\/ld+json\" class=\"yoast-schema-graph\">{\"@context\":\"https:\/\/schema.org\",\"@graph\":[{\"@type\":\"WebPage\",\"@id\":\"https:\/\/dilumio.com\/de\/we-assess\/\",\"url\":\"https:\/\/dilumio.com\/de\/we-assess\/\",\"name\":\"We assess - Lumio leadership\",\"isPartOf\":{\"@id\":\"https:\/\/dilumio.com\/#website\"},\"datePublished\":\"2024-02-15T18:55:32+00:00\",\"dateModified\":\"2024-02-21T11:54:58+00:00\",\"breadcrumb\":{\"@id\":\"https:\/\/dilumio.com\/de\/we-assess\/#breadcrumb\"},\"inLanguage\":\"de\",\"potentialAction\":[{\"@type\":\"ReadAction\",\"target\":[\"https:\/\/dilumio.com\/de\/we-assess\/\"]}]},{\"@type\":\"BreadcrumbList\",\"@id\":\"https:\/\/dilumio.com\/de\/we-assess\/#breadcrumb\",\"itemListElement\":[{\"@type\":\"ListItem\",\"position\":1,\"name\":\"Home\",\"item\":\"https:\/\/dilumio.com\/de\/\"},{\"@type\":\"ListItem\",\"position\":2,\"name\":\"We assess\"}]},{\"@type\":\"WebSite\",\"@id\":\"https:\/\/dilumio.com\/#website\",\"url\":\"https:\/\/dilumio.com\/\",\"name\":\"Lumio leadership\",\"description\":\"\",\"potentialAction\":[{\"@type\":\"SearchAction\",\"target\":{\"@type\":\"EntryPoint\",\"urlTemplate\":\"https:\/\/dilumio.com\/?s={search_term_string}\"},\"query-input\":{\"@type\":\"PropertyValueSpecification\",\"valueRequired\":true,\"valueName\":\"search_term_string\"}}],\"inLanguage\":\"de\"}]}<\/script>\n<!-- \/ Yoast SEO plugin. -->","yoast_head_json":{"title":"We assess - Lumio leadership","robots":{"index":"index","follow":"follow","max-snippet":"max-snippet:-1","max-image-preview":"max-image-preview:large","max-video-preview":"max-video-preview:-1"},"canonical":"https:\/\/dilumio.com\/de\/we-assess\/","og_locale":"de_DE","og_type":"article","og_title":"We assess - Lumio leadership","og_url":"https:\/\/dilumio.com\/de\/we-assess\/","og_site_name":"Lumio leadership","article_modified_time":"2024-02-21T11:54:58+00:00","twitter_card":"summary_large_image","twitter_misc":{"Gesch\u00e4tzte Lesezeit":"3\u00a0Minuten"},"schema":{"@context":"https:\/\/schema.org","@graph":[{"@type":"WebPage","@id":"https:\/\/dilumio.com\/de\/we-assess\/","url":"https:\/\/dilumio.com\/de\/we-assess\/","name":"We assess - Lumio leadership","isPartOf":{"@id":"https:\/\/dilumio.com\/#website"},"datePublished":"2024-02-15T18:55:32+00:00","dateModified":"2024-02-21T11:54:58+00:00","breadcrumb":{"@id":"https:\/\/dilumio.com\/de\/we-assess\/#breadcrumb"},"inLanguage":"de","potentialAction":[{"@type":"ReadAction","target":["https:\/\/dilumio.com\/de\/we-assess\/"]}]},{"@type":"BreadcrumbList","@id":"https:\/\/dilumio.com\/de\/we-assess\/#breadcrumb","itemListElement":[{"@type":"ListItem","position":1,"name":"Home","item":"https:\/\/dilumio.com\/de\/"},{"@type":"ListItem","position":2,"name":"We assess"}]},{"@type":"WebSite","@id":"https:\/\/dilumio.com\/#website","url":"https:\/\/dilumio.com\/","name":"Lumio leadership","description":"","potentialAction":[{"@type":"SearchAction","target":{"@type":"EntryPoint","urlTemplate":"https:\/\/dilumio.com\/?s={search_term_string}"},"query-input":{"@type":"PropertyValueSpecification","valueRequired":true,"valueName":"search_term_string"}}],"inLanguage":"de"}]}},"_links":{"self":[{"href":"https:\/\/dilumio.com\/de\/wp-json\/wp\/v2\/pages\/5207","targetHints":{"allow":["GET"]}}],"collection":[{"href":"https:\/\/dilumio.com\/de\/wp-json\/wp\/v2\/pages"}],"about":[{"href":"https:\/\/dilumio.com\/de\/wp-json\/wp\/v2\/types\/page"}],"author":[{"embeddable":true,"href":"https:\/\/dilumio.com\/de\/wp-json\/wp\/v2\/users\/1"}],"replies":[{"embeddable":true,"href":"https:\/\/dilumio.com\/de\/wp-json\/wp\/v2\/comments?post=5207"}],"version-history":[{"count":0,"href":"https:\/\/dilumio.com\/de\/wp-json\/wp\/v2\/pages\/5207\/revisions"}],"wp:attachment":[{"href":"https:\/\/dilumio.com\/de\/wp-json\/wp\/v2\/media?parent=5207"}],"curies":[{"name":"wp","href":"https:\/\/api.w.org\/{rel}","templated":true}]}}