{"id":5196,"date":"2024-02-15T19:54:59","date_gmt":"2024-02-15T18:54:59","guid":{"rendered":"https:\/\/dilumio.com\/?page_id=5196"},"modified":"2024-02-15T19:54:59","modified_gmt":"2024-02-15T18:54:59","slug":"next-step-talent-interim-solutions","status":"publish","type":"page","link":"https:\/\/dilumio.com\/de\/our-services\/we-solve\/next-step-talent-interim-solutions\/","title":{"rendered":"Next Step Talent Interim Solutions"},"content":{"rendered":"<section class=\"l-section wpb_row mc--section-image height_medium with_img parallax_ver\"><div class=\"l-section-img\" role=\"img\" data-img-width=\"2560\" data-img-height=\"1707\" style=\"background-image: url(https:\/\/dilumio.com\/wp-content\/uploads\/2021\/09\/Next-Step-Talent-bedrijfsfotos-LR-20-scaled.jpg);background-repeat: no-repeat;\"><\/div><div class=\"l-section-h i-cf\"><div class=\"g-cols vc_row via_flex valign_top type_default stacking_default\"><div class=\"vc_col-sm-12 wpb_column vc_column_container\"><div class=\"vc_column-inner\"><div class=\"wpb_wrapper\"><\/div><\/div><\/div><\/div><\/div><\/section><section class=\"l-section wpb_row mc--section-title mc--subdienst height_medium\"><div class=\"l-section-overlay\" style=\"background:#ffffff\"><\/div><div class=\"l-section-h i-cf\"><div class=\"g-cols vc_row via_flex valign_top type_default stacking_default\"><div class=\"vc_col-sm-6 wpb_column vc_column_container\"><div class=\"vc_column-inner\"><div class=\"wpb_wrapper\"><div class=\"wpb_text_column\"><div class=\"wpb_wrapper\"><p>we solve<\/p>\n<h1>Next Step Talent Interim Solutions<\/h1>\n<\/div><\/div><\/div><\/div><\/div><div class=\"vc_col-sm-6 wpb_column vc_column_container\"><div class=\"vc_column-inner\"><div class=\"wpb_wrapper\"><\/div><\/div><\/div><\/div><\/div><\/section><section class=\"l-section wpb_row mc--padding-top height_medium\"><div class=\"l-section-h i-cf\"><div class=\"g-cols vc_row via_flex valign_middle type_default stacking_default\"><div class=\"vc_col-sm-8 wpb_column vc_column_container\"><div class=\"vc_column-inner\"><div class=\"wpb_wrapper\"><div class=\"wpb_text_column\"><div class=\"wpb_wrapper\"><h3>Next Step Talent Interim Solutions<\/h3>\n<p><span class=\"mc-light\">By your side, every step of the way<\/span><\/p>\n<p>Omdat we zelf in verschillende directierollen hebben gefunctioneerd, vari\u00ebrend van lokaal tot internationaal en in een vari\u00ebteit aan verschillende industrie\u00ebn en markten hebben gewerkt, kunnen wij snel en effectief de handschoen oppakken en tijdelijk een project of organisatie leiden. Daarnaast hebben we een sterk netwerk van interim-professionals die we goed kennen en kunnen verbinden aan de uitdaging die er ligt.<\/p>\n<p><strong>Samen uit, samen thuis<\/strong><\/p>\n<p>Onze belofte is dat we niet stoppen bij het advies, maar komen helpen om het advies tot uitvoering te brengen. We voelen ons betrokken en doen er alles aan om jouw project of verandering tot een succes te maken.<\/p>\n<p>Onze doelstelling is altijd om meetbaar resultaat te boeken. Op basis van onze consultancy of programma&#8217;s komen advies en inzichten, vervolgens moet de vertaalslag komen naar de praktijk. Soms zit daar nog een knelpunt, doordat er geen of niet voldoende gekwalificeerde resources aanwezig zijn om de klus in gang te zetten of helemaal te klaren.<\/p>\n<p><strong>Change Management<\/strong><br \/>\nWanneer wij in beeld komen om tijdelijk te ondersteunen op interim-basis, gaat het meestal over een verandering die gerealiseerd moet worden waarbij ander gedrag nodig is, vaak zelfs om een verandering in de cultuur.<\/p>\n<p><strong>Staan jullie aan de vooravond van verandering? We komen graag even sparren!<\/strong><\/p>\n<\/div><\/div><div class=\"w-btn-wrapper align_none\"><a class=\"w-btn us-btn-style_1\" title=\"Contact\" href=\"\/contact\/\"><span class=\"w-btn-label\">Neem contact op<\/span><\/a><\/div><\/div><\/div><\/div><div class=\"vc_col-sm-4 wpb_column vc_column_container\"><div class=\"vc_column-inner\"><div class=\"wpb_wrapper\"><\/div><\/div><\/div><\/div><\/div><\/section><section class=\"l-section wpb_row height_medium\"><div class=\"l-section-h i-cf\"><div class=\"g-cols vc_row via_flex valign_top type_default stacking_default\"><div class=\"vc_col-sm-12 wpb_column vc_column_container\"><div class=\"vc_column-inner\"><div class=\"wpb_wrapper\"><div class=\"wpb_text_column us_custom_8d5aa4e2\"><div class=\"wpb_wrapper\"><h2>Onze andere assessments<\/h2>\n<\/div><\/div><div class=\"w-grid type_grid layout_148 cols_3\" id=\"us_grid_1\" style=\"--gap:2rem;\"><style>@media (max-width:1024px){#us_grid_1 .w-grid-item{width:50%}}@media (max-width:600px){#us_grid_1 .w-grid-list{margin:0}#us_grid_1 .w-grid-item{width:100%;padding:0;margin-bottom:var(--gap,0px)}}.layout_148 .w-grid-item-h{}.layout_148 .usg_html_1{transition-duration:0.3s;transform-origin:50% 50%;transform:scale(1) translate(0%,0%)}.layout_148 .w-grid-item-h:hover .usg_html_1{transform:scale(1) translate(5%,0%);opacity:1}.layout_148 .usg_post_title_1{color:#117F91!important;font-size:20px!important;margin-bottom:15px!important}.layout_148 .usg_html_1{font-size:25px!important}@media (min-width:1025px) and (max-width:1280px){.layout_148 .usg_post_title_1{color:#117F91!important;font-size:20px!important;margin-bottom:15px!important}.layout_148 .usg_html_1{font-size:25px!important}}@media (min-width:601px) and (max-width:1024px){.layout_148 .usg_post_title_1{color:#117F91!important;font-size:20px!important;margin-bottom:15px!important}.layout_148 .usg_html_1{font-size:25px!important}}@media (max-width:600px){.layout_148 .usg_post_title_1{color:#117F91!important;font-size:20px!important;margin-bottom:15px!important}.layout_148 .usg_html_1{font-size:25px!important}}<\/style><div class=\"w-grid-list\">\t<article class=\"w-grid-item size_1x1 post-5195 page type-page status-publish hentry\" data-id=\"5195\">\r\n\t\t<div class=\"w-grid-item-h\">\r\n\t\t\t\t\t\t\t<a href=\"https:\/\/dilumio.com\/de\/our-services\/we-solve\/hr-outsourcing\/\" class=\"w-grid-item-anchor\" aria-label=\"HR outsourcing\"><\/a>\r\n\t\t\t\t\t\t<h4 class=\"w-post-elm post_title usg_post_title_1 has_text_color entry-title color_link_inherit\"><a href=\"https:\/\/dilumio.com\/de\/our-services\/we-solve\/hr-outsourcing\/\">HR outsourcing<\/a><\/h4><div class=\"w-html usg_html_1\"><i class=\"fal fa-long-arrow-right\"><\/i><\/div>\t\t<\/div>\r\n\t<\/article>\r\n\t<article class=\"w-grid-item size_1x1 post-5194 page type-page status-publish hentry\" data-id=\"5194\">\r\n\t\t<div class=\"w-grid-item-h\">\r\n\t\t\t\t\t\t\t<a href=\"https:\/\/dilumio.com\/de\/our-services\/we-solve\/executive-coaching\/\" class=\"w-grid-item-anchor\" aria-label=\"Executive coaching\"><\/a>\r\n\t\t\t\t\t\t<h4 class=\"w-post-elm post_title usg_post_title_1 has_text_color entry-title color_link_inherit\"><a href=\"https:\/\/dilumio.com\/de\/our-services\/we-solve\/executive-coaching\/\">Executive coaching<\/a><\/h4><div class=\"w-html usg_html_1\"><i class=\"fal fa-long-arrow-right\"><\/i><\/div>\t\t<\/div>\r\n\t<\/article>\r\n<\/div><div class=\"w-grid-preloader\">\t<div class=\"g-preloader type_1\">\r\n\t\t<div><\/div>\r\n\t<\/div>\r\n\t<\/div>\t<div class=\"w-grid-json hidden\" onclick='return {&quot;action&quot;:&quot;us_ajax_grid&quot;,&quot;ajax_url&quot;:&quot;https:\\\/\\\/dilumio.com\\\/wp-admin\\\/admin-ajax.php&quot;,&quot;infinite_scroll&quot;:0,&quot;max_num_pages&quot;:1,&quot;pagination&quot;:&quot;none&quot;,&quot;template_vars&quot;:{&quot;columns&quot;:&quot;3&quot;,&quot;exclude_items&quot;:&quot;none&quot;,&quot;img_size&quot;:&quot;default&quot;,&quot;ignore_items_size&quot;:0,&quot;items_layout&quot;:&quot;148&quot;,&quot;items_offset&quot;:&quot;1&quot;,&quot;load_animation&quot;:&quot;none&quot;,&quot;overriding_link&quot;:&quot;%7B%22type%22%3A%22post%22%7D&quot;,&quot;post_id&quot;:0,&quot;query_args&quot;:{&quot;ignore_sticky_posts&quot;:1,&quot;post_type&quot;:&quot;any&quot;,&quot;post__in&quot;:[&quot;499&quot;,&quot;501&quot;],&quot;posts_per_page&quot;:&quot;3&quot;},&quot;orderby_query_args&quot;:{&quot;orderby&quot;:{&quot;date&quot;:&quot;DESC&quot;}},&quot;type&quot;:&quot;grid&quot;,&quot;us_grid_ajax_index&quot;:1,&quot;us_grid_filter_params&quot;:[],&quot;us_grid_index&quot;:1,&quot;_us_grid_post_type&quot;:&quot;ids&quot;,&quot;page_args&quot;:[],&quot;lang&quot;:&quot;de&quot;}}'><\/div>\r\n\t<\/div><\/div><\/div><\/div><\/div><\/div><\/section>\n","protected":false},"excerpt":{"rendered":"we solve Executive coaching Executive coaching It can be lonely at the top! Leiderschap is van cruciaal belang in een organisatie, de druk op de schouders van een directeur of (senior) manager kan echter behoorlijk oplopen. Je observeert het gedrag en de prestaties van anderen, dag in en dag uit. Je kunt echter niet tot...","protected":false},"author":1,"featured_media":0,"parent":5193,"menu_order":0,"comment_status":"closed","ping_status":"closed","template":"","meta":{"_acf_changed":false,"footnotes":""},"class_list":["post-5196","page","type-page","status-publish","hentry"],"acf":[],"yoast_head":"<!-- This site is optimized with the Yoast SEO plugin v26.6 - https:\/\/yoast.com\/wordpress\/plugins\/seo\/ -->\n<title>Next Step Talent Interim Solutions - Lumio leadership<\/title>\n<meta name=\"robots\" content=\"index, follow, max-snippet:-1, max-image-preview:large, max-video-preview:-1\" \/>\n<link rel=\"canonical\" href=\"https:\/\/dilumio.com\/de\/our-services\/we-solve\/next-step-talent-interim-solutions\/\" \/>\n<meta property=\"og:locale\" content=\"de_DE\" \/>\n<meta property=\"og:type\" content=\"article\" \/>\n<meta property=\"og:title\" content=\"Next Step Talent Interim Solutions - Lumio leadership\" \/>\n<meta property=\"og:url\" content=\"https:\/\/dilumio.com\/de\/our-services\/we-solve\/next-step-talent-interim-solutions\/\" \/>\n<meta property=\"og:site_name\" content=\"Lumio leadership\" \/>\n<meta name=\"twitter:card\" content=\"summary_large_image\" \/>\n<script type=\"application\/ld+json\" class=\"yoast-schema-graph\">{\"@context\":\"https:\/\/schema.org\",\"@graph\":[{\"@type\":\"WebPage\",\"@id\":\"https:\/\/dilumio.com\/de\/our-services\/we-solve\/next-step-talent-interim-solutions\/\",\"url\":\"https:\/\/dilumio.com\/de\/our-services\/we-solve\/next-step-talent-interim-solutions\/\",\"name\":\"Next Step Talent Interim Solutions - Lumio leadership\",\"isPartOf\":{\"@id\":\"https:\/\/dilumio.com\/#website\"},\"datePublished\":\"2024-02-15T18:54:59+00:00\",\"breadcrumb\":{\"@id\":\"https:\/\/dilumio.com\/de\/our-services\/we-solve\/next-step-talent-interim-solutions\/#breadcrumb\"},\"inLanguage\":\"de\",\"potentialAction\":[{\"@type\":\"ReadAction\",\"target\":[\"https:\/\/dilumio.com\/de\/our-services\/we-solve\/next-step-talent-interim-solutions\/\"]}]},{\"@type\":\"BreadcrumbList\",\"@id\":\"https:\/\/dilumio.com\/de\/our-services\/we-solve\/next-step-talent-interim-solutions\/#breadcrumb\",\"itemListElement\":[{\"@type\":\"ListItem\",\"position\":1,\"name\":\"Home\",\"item\":\"https:\/\/dilumio.com\/de\/\"},{\"@type\":\"ListItem\",\"position\":2,\"name\":\"Our services\",\"item\":\"https:\/\/dilumio.com\/de\/our-services\/\"},{\"@type\":\"ListItem\",\"position\":3,\"name\":\"We solve\",\"item\":\"https:\/\/dilumio.com\/de\/our-services\/we-solve\/\"},{\"@type\":\"ListItem\",\"position\":4,\"name\":\"Next Step Talent Interim Solutions\"}]},{\"@type\":\"WebSite\",\"@id\":\"https:\/\/dilumio.com\/#website\",\"url\":\"https:\/\/dilumio.com\/\",\"name\":\"Lumio leadership\",\"description\":\"\",\"potentialAction\":[{\"@type\":\"SearchAction\",\"target\":{\"@type\":\"EntryPoint\",\"urlTemplate\":\"https:\/\/dilumio.com\/?s={search_term_string}\"},\"query-input\":{\"@type\":\"PropertyValueSpecification\",\"valueRequired\":true,\"valueName\":\"search_term_string\"}}],\"inLanguage\":\"de\"}]}<\/script>\n<!-- \/ Yoast SEO plugin. -->","yoast_head_json":{"title":"Next Step Talent Interim Solutions - Lumio leadership","robots":{"index":"index","follow":"follow","max-snippet":"max-snippet:-1","max-image-preview":"max-image-preview:large","max-video-preview":"max-video-preview:-1"},"canonical":"https:\/\/dilumio.com\/de\/our-services\/we-solve\/next-step-talent-interim-solutions\/","og_locale":"de_DE","og_type":"article","og_title":"Next Step Talent Interim Solutions - Lumio leadership","og_url":"https:\/\/dilumio.com\/de\/our-services\/we-solve\/next-step-talent-interim-solutions\/","og_site_name":"Lumio leadership","twitter_card":"summary_large_image","schema":{"@context":"https:\/\/schema.org","@graph":[{"@type":"WebPage","@id":"https:\/\/dilumio.com\/de\/our-services\/we-solve\/next-step-talent-interim-solutions\/","url":"https:\/\/dilumio.com\/de\/our-services\/we-solve\/next-step-talent-interim-solutions\/","name":"Next Step Talent Interim Solutions - Lumio leadership","isPartOf":{"@id":"https:\/\/dilumio.com\/#website"},"datePublished":"2024-02-15T18:54:59+00:00","breadcrumb":{"@id":"https:\/\/dilumio.com\/de\/our-services\/we-solve\/next-step-talent-interim-solutions\/#breadcrumb"},"inLanguage":"de","potentialAction":[{"@type":"ReadAction","target":["https:\/\/dilumio.com\/de\/our-services\/we-solve\/next-step-talent-interim-solutions\/"]}]},{"@type":"BreadcrumbList","@id":"https:\/\/dilumio.com\/de\/our-services\/we-solve\/next-step-talent-interim-solutions\/#breadcrumb","itemListElement":[{"@type":"ListItem","position":1,"name":"Home","item":"https:\/\/dilumio.com\/de\/"},{"@type":"ListItem","position":2,"name":"Our services","item":"https:\/\/dilumio.com\/de\/our-services\/"},{"@type":"ListItem","position":3,"name":"We solve","item":"https:\/\/dilumio.com\/de\/our-services\/we-solve\/"},{"@type":"ListItem","position":4,"name":"Next Step Talent Interim Solutions"}]},{"@type":"WebSite","@id":"https:\/\/dilumio.com\/#website","url":"https:\/\/dilumio.com\/","name":"Lumio leadership","description":"","potentialAction":[{"@type":"SearchAction","target":{"@type":"EntryPoint","urlTemplate":"https:\/\/dilumio.com\/?s={search_term_string}"},"query-input":{"@type":"PropertyValueSpecification","valueRequired":true,"valueName":"search_term_string"}}],"inLanguage":"de"}]}},"_links":{"self":[{"href":"https:\/\/dilumio.com\/de\/wp-json\/wp\/v2\/pages\/5196","targetHints":{"allow":["GET"]}}],"collection":[{"href":"https:\/\/dilumio.com\/de\/wp-json\/wp\/v2\/pages"}],"about":[{"href":"https:\/\/dilumio.com\/de\/wp-json\/wp\/v2\/types\/page"}],"author":[{"embeddable":true,"href":"https:\/\/dilumio.com\/de\/wp-json\/wp\/v2\/users\/1"}],"replies":[{"embeddable":true,"href":"https:\/\/dilumio.com\/de\/wp-json\/wp\/v2\/comments?post=5196"}],"version-history":[{"count":0,"href":"https:\/\/dilumio.com\/de\/wp-json\/wp\/v2\/pages\/5196\/revisions"}],"up":[{"embeddable":true,"href":"https:\/\/dilumio.com\/de\/wp-json\/wp\/v2\/pages\/5193"}],"wp:attachment":[{"href":"https:\/\/dilumio.com\/de\/wp-json\/wp\/v2\/media?parent=5196"}],"curies":[{"name":"wp","href":"https:\/\/api.w.org\/{rel}","templated":true}]}}