{"id":5175,"date":"2024-02-15T19:51:24","date_gmt":"2024-02-15T18:51:24","guid":{"rendered":"https:\/\/dilumio.com\/?page_id=5175"},"modified":"2024-02-16T15:57:57","modified_gmt":"2024-02-16T14:57:57","slug":"inspiration","status":"publish","type":"page","link":"https:\/\/dilumio.com\/de\/inspiration\/","title":{"rendered":"Inspiration &#038; Blog"},"content":{"rendered":"<section class=\"l-section wpb_row height_medium\"><div class=\"l-section-overlay\" style=\"background:#F0F9FB\"><\/div><div class=\"l-section-h i-cf\"><div class=\"g-cols vc_row via_flex valign_top type_default stacking_default\"><div class=\"vc_col-sm-12 wpb_column vc_column_container\"><div class=\"vc_column-inner\"><div class=\"wpb_wrapper\"><div class=\"wpb_text_column us_custom_b180511a has_text_color\"><div class=\"wpb_wrapper\"><h1>Inspiration &amp; blog<\/h1>\n<\/div><\/div><\/div><\/div><\/div><\/div><\/div><\/section><section class=\"l-section wpb_row us_custom_8cceadb7 height_medium\"><div class=\"l-section-h i-cf\"><div class=\"g-cols vc_row via_flex valign_top type_default stacking_default\"><div class=\"vc_col-sm-12 wpb_column vc_column_container\"><div class=\"vc_column-inner\"><div class=\"wpb_wrapper\"><div class=\"w-grid type_grid layout_4448 mc--inspiration-rooster cols_2 with_css_animation\" id=\"us_grid_1\" style=\"--gap:1rem;\" data-filterable=\"true\"><style>@media (max-width:600px){#us_grid_1 .w-grid-list{margin:0}#us_grid_1 .w-grid-item{width:100%;padding:0;margin-bottom:var(--gap,0px)}}.layout_4448 .w-grid-item-h{}.layout_4448 .usg_vwrapper_1{}.layout_4448 .w-grid-item-h:hover .usg_vwrapper_1{}.layout_4448 .usg_vwrapper_1{color:#031351!important;border-radius:6px!important;position:static!important;background:#ffffff!important;padding:8% 10% 10% 10%!important;box-shadow:0px 0px 50px -10px rgba(0,0,0,0.10)!important}.layout_4448 .usg_post_title_1{color:#031351!important;font-size:1.2rem!important;font-weight:700!important;max-width:350px!important;min-height:150px!important;padding-top:1rem!important}.layout_4448 .usg_post_taxonomy_1{color:#031351!important;font-size:16px!important;line-height:1!important;border-radius:200px!important;padding:7px 18px 6px 18px!important;border:1px solid #031351!important}.layout_4448 .usg_btn_1{position:absolute!important;bottom:20px!important;right:20px!important}@media (min-width:1025px) and (max-width:1280px){.layout_4448 .usg_vwrapper_1{color:#031351!important;border-radius:6px!important;position:static!important;background:#ffffff!important;padding:8% 10% 10% 10%!important;box-shadow:0px 0px 50px -10px rgba(0,0,0,0.10)!important}.layout_4448 .usg_post_title_1{color:#031351!important;font-size:1.2rem!important;font-weight:700!important;max-width:350px!important;min-height:150px!important;padding-top:1rem!important}.layout_4448 .usg_post_taxonomy_1{color:#031351!important;font-size:16px!important;line-height:1!important;border-radius:200px!important;padding:7px 18px 6px 18px!important;border:1px solid #031351!important}.layout_4448 .usg_btn_1{position:absolute!important;bottom:20px!important;right:20px!important}}@media (min-width:601px) and (max-width:1024px){.layout_4448 .usg_vwrapper_1{color:#031351!important;border-radius:6px!important;position:static!important;background:#ffffff!important;padding:8% 10% 10% 10%!important;box-shadow:0px 0px 50px -10px rgba(0,0,0,0.10)!important}.layout_4448 .usg_post_title_1{color:#031351!important;font-size:1.2rem!important;font-weight:700!important;max-width:350px!important;min-height:150px!important;padding-top:1rem!important}.layout_4448 .usg_post_taxonomy_1{color:#031351!important;font-size:16px!important;line-height:1!important;border-radius:200px!important;padding:7px 18px 6px 18px!important;border:1px solid #031351!important}.layout_4448 .usg_btn_1{position:absolute!important;bottom:20px!important;right:20px!important}}@media (max-width:600px){.layout_4448 .usg_vwrapper_1{color:#031351!important;border-radius:6px!important;position:static!important;background:#ffffff!important;padding:8% 10% 10% 10%!important;box-shadow:0px 0px 50px -10px rgba(0,0,0,0.10)!important}.layout_4448 .usg_post_title_1{color:#031351!important;font-size:1.2rem!important;font-weight:700!important;max-width:350px!important;min-height:150px!important;padding-top:1rem!important}.layout_4448 .usg_post_taxonomy_1{color:#031351!important;font-size:16px!important;line-height:1!important;border-radius:200px!important;padding:7px 18px 6px 18px!important;border:1px solid #031351!important}.layout_4448 .usg_btn_1{position:absolute!important;bottom:20px!important;right:20px!important}}<\/style><div class=\"w-grid-list\">\t<article class=\"w-grid-item us_animate_afb size_1x1 post-5256 post type-post status-publish format-standard hentry category-blog-de\" data-id=\"5256\" style=\"animation-delay:0s\">\r\n\t\t<div class=\"w-grid-item-h\">\r\n\t\t\t\t\t\t\t<a href=\"https:\/\/dilumio.com\/de\/empathy-is-your-recipe-for-success\/\" class=\"w-grid-item-anchor\" aria-label=\"Empathie ist Ihr Erfolgsrezept\"><\/a>\r\n\t\t\t\t\t\t<div class=\"w-vwrapper usg_vwrapper_1 has_text_color\" style=\"--vwrapper-gap:1.5rem\"><div class=\"w-hwrapper usg_hwrapper_1\"><div class=\"w-post-elm post_taxonomy usg_post_taxonomy_1 has_text_color style_simple color_link_inherit\"><span class=\"term-83 term-blog-de\">Blog<\/span><\/div><\/div><h3 class=\"w-post-elm post_title usg_post_title_1 has_text_color entry-title color_link_inherit\"><a href=\"https:\/\/dilumio.com\/de\/empathy-is-your-recipe-for-success\/\">Empathie ist Ihr Erfolgsrezept<\/a><\/h3><a class=\"w-btn us-btn-style_5 usg_btn_1 icon_atleft\" href=\"https:\/\/dilumio.com\/de\/empathy-is-your-recipe-for-success\/\"><i class=\"fal fa-plus\"><\/i><span class=\"w-btn-label\">Lesen Sie mehr<\/span><\/a><\/div>\t\t<\/div>\r\n\t<\/article>\r\n\t<article class=\"w-grid-item us_animate_afb size_1x1 post-5260 post type-post status-publish format-standard has-post-thumbnail hentry category-blog-de\" data-id=\"5260\" style=\"animation-delay:0.1s\">\r\n\t\t<div class=\"w-grid-item-h\">\r\n\t\t\t\t\t\t\t<a href=\"https:\/\/dilumio.com\/de\/simple-is-the-most-difficultbut-it-is-also-enlightning\/\" class=\"w-grid-item-anchor\" aria-label=\"Einfach ist am komplexesten, aber auch aufkl\u00e4rend\"><\/a>\r\n\t\t\t\t\t\t<div class=\"w-vwrapper usg_vwrapper_1 has_text_color\" style=\"--vwrapper-gap:1.5rem\"><div class=\"w-hwrapper usg_hwrapper_1\"><div class=\"w-post-elm post_taxonomy usg_post_taxonomy_1 has_text_color style_simple color_link_inherit\"><span class=\"term-83 term-blog-de\">Blog<\/span><\/div><\/div><h3 class=\"w-post-elm post_title usg_post_title_1 has_text_color entry-title color_link_inherit\"><a href=\"https:\/\/dilumio.com\/de\/simple-is-the-most-difficultbut-it-is-also-enlightning\/\">Einfach ist am komplexesten, aber auch aufkl\u00e4rend<\/a><\/h3><a class=\"w-btn us-btn-style_5 usg_btn_1 icon_atleft\" href=\"https:\/\/dilumio.com\/de\/simple-is-the-most-difficultbut-it-is-also-enlightning\/\"><i class=\"fal fa-plus\"><\/i><span class=\"w-btn-label\">Lesen Sie mehr<\/span><\/a><\/div>\t\t<\/div>\r\n\t<\/article>\r\n\t<article class=\"w-grid-item us_animate_afb size_1x1 post-5253 post type-post status-publish format-standard hentry category-blog-de\" data-id=\"5253\" style=\"animation-delay:0.2s\">\r\n\t\t<div class=\"w-grid-item-h\">\r\n\t\t\t\t\t\t\t<a href=\"https:\/\/dilumio.com\/de\/van-next-step-talent-naar-lumio-leadership\/\" class=\"w-grid-item-anchor\" aria-label=\"Von Next Step Talent zu Lumio Leadership: F\u00fchren mit Mut, Auswirkung und Spa\u00df\"><\/a>\r\n\t\t\t\t\t\t<div class=\"w-vwrapper usg_vwrapper_1 has_text_color\" style=\"--vwrapper-gap:1.5rem\"><div class=\"w-hwrapper usg_hwrapper_1\"><div class=\"w-post-elm post_taxonomy usg_post_taxonomy_1 has_text_color style_simple color_link_inherit\"><span class=\"term-83 term-blog-de\">Blog<\/span><\/div><\/div><h3 class=\"w-post-elm post_title usg_post_title_1 has_text_color entry-title color_link_inherit\"><a href=\"https:\/\/dilumio.com\/de\/van-next-step-talent-naar-lumio-leadership\/\">Von Next Step Talent zu Lumio Leadership: F\u00fchren mit Mut, Auswirkung und Spa\u00df<\/a><\/h3><a class=\"w-btn us-btn-style_5 usg_btn_1 icon_atleft\" href=\"https:\/\/dilumio.com\/de\/van-next-step-talent-naar-lumio-leadership\/\"><i class=\"fal fa-plus\"><\/i><span class=\"w-btn-label\">Lesen Sie mehr<\/span><\/a><\/div>\t\t<\/div>\r\n\t<\/article>\r\n<\/div><div class=\"w-grid-preloader\">\t<div class=\"g-preloader type_1\">\r\n\t\t<div><\/div>\r\n\t<\/div>\r\n\t<\/div>\t<div class=\"w-grid-json hidden\" onclick='return {&quot;action&quot;:&quot;us_ajax_grid&quot;,&quot;ajax_url&quot;:&quot;https:\\\/\\\/dilumio.com\\\/wp-admin\\\/admin-ajax.php&quot;,&quot;infinite_scroll&quot;:0,&quot;max_num_pages&quot;:1,&quot;pagination&quot;:&quot;ajax&quot;,&quot;template_vars&quot;:{&quot;columns&quot;:&quot;2&quot;,&quot;exclude_items&quot;:&quot;none&quot;,&quot;img_size&quot;:&quot;default&quot;,&quot;ignore_items_size&quot;:0,&quot;items_layout&quot;:&quot;4448&quot;,&quot;items_offset&quot;:&quot;1&quot;,&quot;load_animation&quot;:&quot;afb&quot;,&quot;overriding_link&quot;:&quot;%7B%22type%22%3A%22post%22%7D&quot;,&quot;post_id&quot;:0,&quot;query_args&quot;:{&quot;post_type&quot;:[&quot;post&quot;],&quot;post_status&quot;:[&quot;publish&quot;,&quot;acf-disabled&quot;],&quot;posts_per_page&quot;:&quot;12&quot;},&quot;orderby_query_args&quot;:{&quot;orderby&quot;:{&quot;date&quot;:&quot;DESC&quot;}},&quot;type&quot;:&quot;grid&quot;,&quot;us_grid_ajax_index&quot;:1,&quot;us_grid_filter_params&quot;:[],&quot;us_grid_index&quot;:1,&quot;_us_grid_post_type&quot;:&quot;post&quot;,&quot;page_args&quot;:[],&quot;lang&quot;:&quot;de&quot;}}'><\/div>\r\n\t<\/div><\/div><\/div><\/div><\/div><\/div><\/section>\n","protected":false},"excerpt":{"rendered":"In der Welt der F\u00fchrungskr\u00e4fteentwicklung und des organisatorischen Wandels hat Next Step Talent einen bemerkenswerten Wandel vollzogen. Next Step Talent hei\u00dft jetzt Lumio Leadership. Diese Namens\u00e4nderung ist mehr als nur ein kosmetisches Update; sie verk\u00f6rpert eine tiefere Vision von F\u00fchrung in einem sich st\u00e4ndig weiterentwickelnden Gesch\u00e4ftsumfeld. Der Name sagt alles Erwin Lennertz, Mitbegr\u00fcnder von Lumio...","protected":false},"author":1,"featured_media":0,"parent":0,"menu_order":0,"comment_status":"closed","ping_status":"closed","template":"","meta":{"_acf_changed":false,"footnotes":""},"class_list":["post-5175","page","type-page","status-publish","hentry"],"acf":[],"yoast_head":"<!-- This site is optimized with the Yoast SEO plugin v26.6 - https:\/\/yoast.com\/wordpress\/plugins\/seo\/ -->\n<title>Inspiration &amp; Blog - Lumio leadership<\/title>\n<meta name=\"robots\" content=\"index, follow, max-snippet:-1, max-image-preview:large, max-video-preview:-1\" \/>\n<link rel=\"canonical\" href=\"https:\/\/dilumio.com\/de\/inspiration\/\" \/>\n<meta property=\"og:locale\" content=\"de_DE\" \/>\n<meta property=\"og:type\" content=\"article\" \/>\n<meta property=\"og:title\" content=\"Inspiration &amp; Blog - Lumio leadership\" \/>\n<meta property=\"og:url\" content=\"https:\/\/dilumio.com\/de\/inspiration\/\" \/>\n<meta property=\"og:site_name\" content=\"Lumio leadership\" \/>\n<meta property=\"article:modified_time\" content=\"2024-02-16T14:57:57+00:00\" \/>\n<meta name=\"twitter:card\" content=\"summary_large_image\" \/>\n<meta name=\"twitter:label1\" content=\"Gesch\u00e4tzte Lesezeit\" \/>\n\t<meta name=\"twitter:data1\" content=\"1\u00a0Minute\" \/>\n<script type=\"application\/ld+json\" class=\"yoast-schema-graph\">{\"@context\":\"https:\/\/schema.org\",\"@graph\":[{\"@type\":\"WebPage\",\"@id\":\"https:\/\/dilumio.com\/de\/inspiration\/\",\"url\":\"https:\/\/dilumio.com\/de\/inspiration\/\",\"name\":\"Inspiration & Blog - Lumio leadership\",\"isPartOf\":{\"@id\":\"https:\/\/dilumio.com\/#website\"},\"datePublished\":\"2024-02-15T18:51:24+00:00\",\"dateModified\":\"2024-02-16T14:57:57+00:00\",\"breadcrumb\":{\"@id\":\"https:\/\/dilumio.com\/de\/inspiration\/#breadcrumb\"},\"inLanguage\":\"de\",\"potentialAction\":[{\"@type\":\"ReadAction\",\"target\":[\"https:\/\/dilumio.com\/de\/inspiration\/\"]}]},{\"@type\":\"BreadcrumbList\",\"@id\":\"https:\/\/dilumio.com\/de\/inspiration\/#breadcrumb\",\"itemListElement\":[{\"@type\":\"ListItem\",\"position\":1,\"name\":\"Home\",\"item\":\"https:\/\/dilumio.com\/de\/\"},{\"@type\":\"ListItem\",\"position\":2,\"name\":\"Inspiration &#038; Blog\"}]},{\"@type\":\"WebSite\",\"@id\":\"https:\/\/dilumio.com\/#website\",\"url\":\"https:\/\/dilumio.com\/\",\"name\":\"Lumio leadership\",\"description\":\"\",\"potentialAction\":[{\"@type\":\"SearchAction\",\"target\":{\"@type\":\"EntryPoint\",\"urlTemplate\":\"https:\/\/dilumio.com\/?s={search_term_string}\"},\"query-input\":{\"@type\":\"PropertyValueSpecification\",\"valueRequired\":true,\"valueName\":\"search_term_string\"}}],\"inLanguage\":\"de\"}]}<\/script>\n<!-- \/ Yoast SEO plugin. -->","yoast_head_json":{"title":"Inspiration & Blog - Lumio leadership","robots":{"index":"index","follow":"follow","max-snippet":"max-snippet:-1","max-image-preview":"max-image-preview:large","max-video-preview":"max-video-preview:-1"},"canonical":"https:\/\/dilumio.com\/de\/inspiration\/","og_locale":"de_DE","og_type":"article","og_title":"Inspiration & Blog - Lumio leadership","og_url":"https:\/\/dilumio.com\/de\/inspiration\/","og_site_name":"Lumio leadership","article_modified_time":"2024-02-16T14:57:57+00:00","twitter_card":"summary_large_image","twitter_misc":{"Gesch\u00e4tzte Lesezeit":"1\u00a0Minute"},"schema":{"@context":"https:\/\/schema.org","@graph":[{"@type":"WebPage","@id":"https:\/\/dilumio.com\/de\/inspiration\/","url":"https:\/\/dilumio.com\/de\/inspiration\/","name":"Inspiration & Blog - Lumio leadership","isPartOf":{"@id":"https:\/\/dilumio.com\/#website"},"datePublished":"2024-02-15T18:51:24+00:00","dateModified":"2024-02-16T14:57:57+00:00","breadcrumb":{"@id":"https:\/\/dilumio.com\/de\/inspiration\/#breadcrumb"},"inLanguage":"de","potentialAction":[{"@type":"ReadAction","target":["https:\/\/dilumio.com\/de\/inspiration\/"]}]},{"@type":"BreadcrumbList","@id":"https:\/\/dilumio.com\/de\/inspiration\/#breadcrumb","itemListElement":[{"@type":"ListItem","position":1,"name":"Home","item":"https:\/\/dilumio.com\/de\/"},{"@type":"ListItem","position":2,"name":"Inspiration &#038; Blog"}]},{"@type":"WebSite","@id":"https:\/\/dilumio.com\/#website","url":"https:\/\/dilumio.com\/","name":"Lumio leadership","description":"","potentialAction":[{"@type":"SearchAction","target":{"@type":"EntryPoint","urlTemplate":"https:\/\/dilumio.com\/?s={search_term_string}"},"query-input":{"@type":"PropertyValueSpecification","valueRequired":true,"valueName":"search_term_string"}}],"inLanguage":"de"}]}},"_links":{"self":[{"href":"https:\/\/dilumio.com\/de\/wp-json\/wp\/v2\/pages\/5175","targetHints":{"allow":["GET"]}}],"collection":[{"href":"https:\/\/dilumio.com\/de\/wp-json\/wp\/v2\/pages"}],"about":[{"href":"https:\/\/dilumio.com\/de\/wp-json\/wp\/v2\/types\/page"}],"author":[{"embeddable":true,"href":"https:\/\/dilumio.com\/de\/wp-json\/wp\/v2\/users\/1"}],"replies":[{"embeddable":true,"href":"https:\/\/dilumio.com\/de\/wp-json\/wp\/v2\/comments?post=5175"}],"version-history":[{"count":0,"href":"https:\/\/dilumio.com\/de\/wp-json\/wp\/v2\/pages\/5175\/revisions"}],"wp:attachment":[{"href":"https:\/\/dilumio.com\/de\/wp-json\/wp\/v2\/media?parent=5175"}],"curies":[{"name":"wp","href":"https:\/\/api.w.org\/{rel}","templated":true}]}}