{"id":5166,"date":"2024-02-15T19:49:25","date_gmt":"2024-02-15T18:49:25","guid":{"rendered":"https:\/\/dilumio.com\/?page_id=5166"},"modified":"2024-02-16T16:00:58","modified_gmt":"2024-02-16T15:00:58","slug":"ueber-uns","status":"publish","type":"page","link":"https:\/\/dilumio.com\/de\/ueber-uns\/","title":{"rendered":"About us"},"content":{"rendered":"<section class=\"l-section wpb_row mc--section-image height_medium with_img\"><div class=\"l-section-img\" role=\"img\" data-img-width=\"1920\" data-img-height=\"1280\" style=\"background-image: url(https:\/\/dilumio.com\/wp-content\/uploads\/2023\/09\/Lumio-team.jpeg);background-repeat: no-repeat;\"><\/div><div class=\"l-section-h i-cf\"><div class=\"g-cols vc_row via_flex valign_top type_default stacking_default\"><div class=\"vc_col-sm-12 wpb_column vc_column_container\"><div class=\"vc_column-inner\"><div class=\"wpb_wrapper\"><\/div><\/div><\/div><\/div><\/div><\/section><section class=\"l-section wpb_row mc--section-title height_medium\"><div class=\"l-section-overlay\" style=\"background:#ffffff\"><\/div><div class=\"l-section-h i-cf\"><div class=\"g-cols vc_row via_flex valign_top type_default stacking_default\"><div class=\"vc_col-sm-6 wpb_column vc_column_container\"><div class=\"vc_column-inner\"><div class=\"wpb_wrapper\"><div class=\"wpb_text_column\"><div class=\"wpb_wrapper\"><h2>About us<\/h2>\n<\/div><\/div><\/div><\/div><\/div><div class=\"vc_col-sm-6 wpb_column vc_column_container\"><div class=\"vc_column-inner\"><div class=\"wpb_wrapper\"><\/div><\/div><\/div><\/div><\/div><\/section><section class=\"l-section wpb_row mc--padding-top height_medium\"><div class=\"l-section-h i-cf\"><div class=\"g-cols vc_row via_flex valign_top type_default stacking_default\"><div class=\"vc_col-sm-12 wpb_column vc_column_container mc-nextstep\"><div class=\"vc_column-inner\"><div class=\"wpb_wrapper\"><div class=\"g-cols wpb_row via_flex valign_top type_default stacking_default\"><div class=\"vc_col-sm-8 wpb_column vc_column_container\"><div class=\"vc_column-inner\"><div class=\"wpb_wrapper\"><div class=\"wpb_text_column\"><div class=\"wpb_wrapper\"><h2><strong>Unsere Geschichte<\/strong><\/h2>\n<p>Im Jahr 2014 wurde die Next Step Talent Group gegr\u00fcndet. Die Schwerpunkte waren im Einklang mit dem Namen: Talent Management und Talent Development. Das Wachstum und die Entwicklung des Unternehmens verlief auf allerlei sch\u00f6nen Wegen; im Laufe der Zeit schrieben wir die Lebensgeschichte unseres Unternehmens. Mit dem Eintritt von Bas Blezer und Erwin Lennertz, den jetzigen Inhabern des Unternehmens, wurden die Dienstleistungen st\u00e4rker in den Fokus ger\u00fcckt. Ab 2020 haben wir begonnen, uns st\u00e4rker auf die Entwicklung von F\u00fchrungskr\u00e4ften zu konzentrieren, und im Jahr 2023 werden wir den Schritt machen, uns zu 100 % auf dieses Thema zu konzentrieren. Dann passt der Name nicht mehr zu dem, wof\u00fcr wir stehen: Wir stehen f\u00fcr aufkl\u00e4rende F\u00fchrung. Wir helfen Organisationen dabei, die Kernthemen der Organisation zu beleuchten, die Dinge klar und einsichtig zu machen und die F\u00fchrungskr\u00e4fte in der Organisation in Position zu bringen. Der neue Name, der dazu passt: Lumio Leadership.<\/p>\n<\/div><\/div><\/div><\/div><\/div><div class=\"vc_col-sm-4 wpb_column vc_column_container\"><div class=\"vc_column-inner\"><div class=\"wpb_wrapper\"><\/div><\/div><\/div><\/div><div class=\"wpb_text_column us_custom_d0defcee\"><div class=\"wpb_wrapper\"><h2 style=\"text-align: center;\">Our team<\/h2>\n<\/div><\/div><div class=\"w-grid us_custom_72fc42ef type_grid layout_293 cols_4 overflow_hidden\" id=\"us_grid_1\" style=\"--gap:1.5rem;\" data-filterable=\"true\"><style>@media (max-width:1280px){#us_grid_1 .w-grid-item{width:33.3333%}}@media (max-width:1024px){#us_grid_1 .w-grid-item{width:50%}}@media (max-width:600px){#us_grid_1 .w-grid-list{margin:0}#us_grid_1 .w-grid-item{width:100%;padding:0;margin-bottom:var(--gap,0px)}}.layout_293 .w-grid-item-h{}.layout_293 .usg_post_image_1{transition-duration:0.3s;transform-origin:50% 50%;transform:scale(1) translate(0%,0%)}.layout_293 .w-grid-item-h:hover .usg_post_image_1{transform:scale(1) translate(0%,0%);opacity:0.75}.layout_293 .usg_vwrapper_1{padding:10% 7% 7% 7%!important}.layout_293 .usg_post_custom_field_1{text-align:center!important}.layout_293 .usg_post_title_2{font-weight:700!important;font-size:1.4rem!important}@media (min-width:1025px) and (max-width:1280px){.layout_293 .usg_vwrapper_1{padding:10% 7% 7% 7%!important}.layout_293 .usg_post_custom_field_1{text-align:center!important}.layout_293 .usg_post_title_2{font-weight:700!important;font-size:1.4rem!important}}@media (min-width:601px) and (max-width:1024px){.layout_293 .usg_vwrapper_1{padding:10% 7% 7% 7%!important}.layout_293 .usg_post_custom_field_1{text-align:center!important}.layout_293 .usg_post_title_2{font-weight:700!important;font-size:1.4rem!important}}@media (max-width:600px){.layout_293 .usg_post_title_2{font-size:1.2rem!important}}<\/style><div class=\"w-grid-list\">\t<article class=\"w-grid-item size_1x1 post-5266 teammembers type-teammembers status-publish has-post-thumbnail hentry\" data-id=\"5266\">\r\n\t\t<div class=\"w-grid-item-h\">\r\n\t\t\t\t\t\t<div class=\"w-post-elm post_image usg_post_image_1 as_circle has_ratio\"><div style=\"padding-bottom:100%\"><\/div><a href=\"https:\/\/dilumio.com\/de\/teammembers\/maaike-vodeb\/\" aria-label=\"Maaike Vodeb\"><img decoding=\"async\" width=\"689\" height=\"1024\" src=\"https:\/\/dilumio.com\/wp-content\/uploads\/2023\/10\/Maaike-headshot-689x1024.jpg\" class=\"attachment-large size-large wp-post-image\" alt=\"\" srcset=\"https:\/\/dilumio.com\/wp-content\/uploads\/2023\/10\/Maaike-headshot-689x1024.jpg 689w, https:\/\/dilumio.com\/wp-content\/uploads\/2023\/10\/Maaike-headshot-202x300.jpg 202w, https:\/\/dilumio.com\/wp-content\/uploads\/2023\/10\/Maaike-headshot-scaled.jpg 1723w\" sizes=\"(max-width: 689px) 100vw, 689px\" \/><\/a><\/div><div class=\"w-vwrapper usg_vwrapper_1 align_none valign_top\"><h2 class=\"w-post-elm post_title usg_post_title_2 align_center entry-title color_link_inherit\"><a href=\"https:\/\/dilumio.com\/de\/teammembers\/maaike-vodeb\/\">Maaike Vodeb<\/a><\/h2><p class=\"w-post-elm post_custom_field usg_post_custom_field_1 type_text tm_functie color_link_inherit\"><span class=\"w-post-elm-value\">Consultant<\/span><\/p><\/div>\t\t<\/div>\r\n\t<\/article>\r\n\t<article class=\"w-grid-item size_1x1 post-5264 teammembers type-teammembers status-publish has-post-thumbnail hentry\" data-id=\"5264\">\r\n\t\t<div class=\"w-grid-item-h\">\r\n\t\t\t\t\t\t<div class=\"w-post-elm post_image usg_post_image_1 as_circle has_ratio\"><div style=\"padding-bottom:100%\"><\/div><a href=\"https:\/\/dilumio.com\/de\/teammembers\/jessy-tossings\/\" aria-label=\"Jessy Tossings\"><img decoding=\"async\" width=\"683\" height=\"1024\" src=\"https:\/\/dilumio.com\/wp-content\/uploads\/2023\/04\/Jessy-headshot-683x1024.jpg\" class=\"attachment-large size-large wp-post-image\" alt=\"\" srcset=\"https:\/\/dilumio.com\/wp-content\/uploads\/2023\/04\/Jessy-headshot-683x1024.jpg 683w, https:\/\/dilumio.com\/wp-content\/uploads\/2023\/04\/Jessy-headshot-200x300.jpg 200w, https:\/\/dilumio.com\/wp-content\/uploads\/2023\/04\/Jessy-headshot-scaled.jpg 1707w\" sizes=\"(max-width: 683px) 100vw, 683px\" \/><\/a><\/div><div class=\"w-vwrapper usg_vwrapper_1 align_none valign_top\"><h2 class=\"w-post-elm post_title usg_post_title_2 align_center entry-title color_link_inherit\"><a href=\"https:\/\/dilumio.com\/de\/teammembers\/jessy-tossings\/\">Jessy Tossings<\/a><\/h2><p class=\"w-post-elm post_custom_field usg_post_custom_field_1 type_text tm_functie color_link_inherit\"><span class=\"w-post-elm-value\">Projektkoordinatorin\/Consultant<\/span><\/p><\/div>\t\t<\/div>\r\n\t<\/article>\r\n\t<article class=\"w-grid-item size_1x1 post-5268 teammembers type-teammembers status-publish has-post-thumbnail hentry\" data-id=\"5268\">\r\n\t\t<div class=\"w-grid-item-h\">\r\n\t\t\t\t\t\t<div class=\"w-post-elm post_image usg_post_image_1 as_circle has_ratio\"><div style=\"padding-bottom:100%\"><\/div><a href=\"https:\/\/dilumio.com\/de\/teammembers\/nadine-beckers\/\" aria-label=\"Nadine Beckers\"><img decoding=\"async\" width=\"683\" height=\"1024\" src=\"https:\/\/dilumio.com\/wp-content\/uploads\/2023\/09\/Nadine-headshot-683x1024.jpg\" class=\"attachment-large size-large wp-post-image\" alt=\"\" srcset=\"https:\/\/dilumio.com\/wp-content\/uploads\/2023\/09\/Nadine-headshot-683x1024.jpg 683w, https:\/\/dilumio.com\/wp-content\/uploads\/2023\/09\/Nadine-headshot-200x300.jpg 200w, https:\/\/dilumio.com\/wp-content\/uploads\/2023\/09\/Nadine-headshot-scaled.jpg 1707w\" sizes=\"(max-width: 683px) 100vw, 683px\" \/><\/a><\/div><div class=\"w-vwrapper usg_vwrapper_1 align_none valign_top\"><h2 class=\"w-post-elm post_title usg_post_title_2 align_center entry-title color_link_inherit\"><a href=\"https:\/\/dilumio.com\/de\/teammembers\/nadine-beckers\/\">Nadine Beckers<\/a><\/h2><p class=\"w-post-elm post_custom_field usg_post_custom_field_1 type_text tm_functie color_link_inherit\"><span class=\"w-post-elm-value\">Consultant<\/span><\/p><\/div>\t\t<\/div>\r\n\t<\/article>\r\n\t<article class=\"w-grid-item size_1x1 post-5274 teammembers type-teammembers status-publish has-post-thumbnail hentry\" data-id=\"5274\">\r\n\t\t<div class=\"w-grid-item-h\">\r\n\t\t\t\t\t\t<div class=\"w-post-elm post_image usg_post_image_1 as_circle has_ratio\"><div style=\"padding-bottom:100%\"><\/div><a href=\"https:\/\/dilumio.com\/de\/teammembers\/erwin-lennertz\/\" aria-label=\"Erwin Lennertz\"><img decoding=\"async\" width=\"936\" height=\"1024\" src=\"https:\/\/dilumio.com\/wp-content\/uploads\/2021\/09\/Next-Step-Talent-bedrijfsfotos-LR-4-scaled-e1635940771931-936x1024.jpg\" class=\"attachment-large size-large wp-post-image\" alt=\"\" srcset=\"https:\/\/dilumio.com\/wp-content\/uploads\/2021\/09\/Next-Step-Talent-bedrijfsfotos-LR-4-scaled-e1635940771931-936x1024.jpg 936w, https:\/\/dilumio.com\/wp-content\/uploads\/2021\/09\/Next-Step-Talent-bedrijfsfotos-LR-4-scaled-e1635940771931-274x300.jpg 274w, https:\/\/dilumio.com\/wp-content\/uploads\/2021\/09\/Next-Step-Talent-bedrijfsfotos-LR-4-scaled-e1635940771931.jpg 1708w\" sizes=\"(max-width: 936px) 100vw, 936px\" \/><\/a><\/div><div class=\"w-vwrapper usg_vwrapper_1 align_none valign_top\"><h2 class=\"w-post-elm post_title usg_post_title_2 align_center entry-title color_link_inherit\"><a href=\"https:\/\/dilumio.com\/de\/teammembers\/erwin-lennertz\/\">Erwin Lennertz<\/a><\/h2><p class=\"w-post-elm post_custom_field usg_post_custom_field_1 type_text tm_functie color_link_inherit\"><span class=\"w-post-elm-value\">Partner<\/span><\/p><\/div>\t\t<\/div>\r\n\t<\/article>\r\n\t<article class=\"w-grid-item size_1x1 post-5272 teammembers type-teammembers status-publish has-post-thumbnail hentry\" data-id=\"5272\">\r\n\t\t<div class=\"w-grid-item-h\">\r\n\t\t\t\t\t\t<div class=\"w-post-elm post_image usg_post_image_1 as_circle has_ratio\"><div style=\"padding-bottom:100%\"><\/div><a href=\"https:\/\/dilumio.com\/de\/teammembers\/bas-blezer\/\" aria-label=\"Bas Blezer\"><img decoding=\"async\" width=\"963\" height=\"1024\" src=\"https:\/\/dilumio.com\/wp-content\/uploads\/2021\/09\/Next-Step-Talent-bedrijfsfotos-LR-2-scaled-e1635938118356-963x1024.jpg\" class=\"attachment-large size-large wp-post-image\" alt=\"\" srcset=\"https:\/\/dilumio.com\/wp-content\/uploads\/2021\/09\/Next-Step-Talent-bedrijfsfotos-LR-2-scaled-e1635938118356-963x1024.jpg 963w, https:\/\/dilumio.com\/wp-content\/uploads\/2021\/09\/Next-Step-Talent-bedrijfsfotos-LR-2-scaled-e1635938118356-282x300.jpg 282w, https:\/\/dilumio.com\/wp-content\/uploads\/2021\/09\/Next-Step-Talent-bedrijfsfotos-LR-2-scaled-e1635938118356.jpg 1706w\" sizes=\"(max-width: 963px) 100vw, 963px\" \/><\/a><\/div><div class=\"w-vwrapper usg_vwrapper_1 align_none valign_top\"><h2 class=\"w-post-elm post_title usg_post_title_2 align_center entry-title color_link_inherit\"><a href=\"https:\/\/dilumio.com\/de\/teammembers\/bas-blezer\/\">Bas Blezer<\/a><\/h2><p class=\"w-post-elm post_custom_field usg_post_custom_field_1 type_text tm_functie color_link_inherit\"><span class=\"w-post-elm-value\">Partner<\/span><\/p><\/div>\t\t<\/div>\r\n\t<\/article>\r\n\t<article class=\"w-grid-item size_1x1 post-5276 teammembers type-teammembers status-publish has-post-thumbnail hentry\" data-id=\"5276\">\r\n\t\t<div class=\"w-grid-item-h\">\r\n\t\t\t\t\t\t<div class=\"w-post-elm post_image usg_post_image_1 as_circle has_ratio\"><div style=\"padding-bottom:100%\"><\/div><a href=\"https:\/\/dilumio.com\/de\/teammembers\/chris-bongers\/\" aria-label=\"Chris Bongers\"><img decoding=\"async\" width=\"683\" height=\"1024\" src=\"https:\/\/dilumio.com\/wp-content\/uploads\/2021\/01\/Chris-headshot-683x1024.jpg\" class=\"attachment-large size-large wp-post-image\" alt=\"\" srcset=\"https:\/\/dilumio.com\/wp-content\/uploads\/2021\/01\/Chris-headshot-683x1024.jpg 683w, https:\/\/dilumio.com\/wp-content\/uploads\/2021\/01\/Chris-headshot-200x300.jpg 200w, https:\/\/dilumio.com\/wp-content\/uploads\/2021\/01\/Chris-headshot-scaled.jpg 1707w\" sizes=\"(max-width: 683px) 100vw, 683px\" \/><\/a><\/div><div class=\"w-vwrapper usg_vwrapper_1 align_none valign_top\"><h2 class=\"w-post-elm post_title usg_post_title_2 align_center entry-title color_link_inherit\"><a href=\"https:\/\/dilumio.com\/de\/teammembers\/chris-bongers\/\">Chris Bongers<\/a><\/h2><p class=\"w-post-elm post_custom_field usg_post_custom_field_1 type_text tm_functie color_link_inherit\"><span class=\"w-post-elm-value\">Senior-Consultant \/ Arbeits- und Organisationspsychologe<\/span><\/p><\/div>\t\t<\/div>\r\n\t<\/article>\r\n<\/div><div class=\"w-grid-preloader\">\t<div class=\"g-preloader type_1\">\r\n\t\t<div><\/div>\r\n\t<\/div>\r\n\t<\/div>\t<div class=\"w-grid-json hidden\" onclick='return {&quot;action&quot;:&quot;us_ajax_grid&quot;,&quot;ajax_url&quot;:&quot;https:\\\/\\\/dilumio.com\\\/wp-admin\\\/admin-ajax.php&quot;,&quot;infinite_scroll&quot;:0,&quot;max_num_pages&quot;:1,&quot;pagination&quot;:&quot;none&quot;,&quot;template_vars&quot;:{&quot;columns&quot;:&quot;4&quot;,&quot;exclude_items&quot;:&quot;none&quot;,&quot;img_size&quot;:&quot;default&quot;,&quot;ignore_items_size&quot;:0,&quot;items_layout&quot;:&quot;293&quot;,&quot;items_offset&quot;:&quot;1&quot;,&quot;load_animation&quot;:&quot;none&quot;,&quot;overriding_link&quot;:&quot;{\\&quot;url\\&quot;:\\&quot;\\&quot;}&quot;,&quot;post_id&quot;:0,&quot;query_args&quot;:{&quot;post_type&quot;:[&quot;teammembers&quot;],&quot;post_status&quot;:[&quot;publish&quot;,&quot;acf-disabled&quot;],&quot;posts_per_page&quot;:&quot;10&quot;},&quot;orderby_query_args&quot;:{&quot;orderby&quot;:{&quot;menu_order&quot;:&quot;ASC&quot;},&quot;order&quot;:&quot;ASC&quot;},&quot;type&quot;:&quot;grid&quot;,&quot;us_grid_ajax_index&quot;:1,&quot;us_grid_filter_params&quot;:[],&quot;us_grid_index&quot;:1,&quot;_us_grid_post_type&quot;:&quot;teammembers&quot;,&quot;page_args&quot;:[],&quot;lang&quot;:&quot;de&quot;}}'><\/div>\r\n\t<\/div><\/div><\/div><\/div><\/div><\/div><\/section>\n","protected":false},"excerpt":{"rendered":"Chris ist seit Oktober 2021 als Senior-Berater und Assessment-Psychologin NIP (Psychologin mit anerkannter A&amp;O Qualifikation) bei Lumio Leadership t\u00e4tig. Chris verf\u00fcgt \u00fcber reichlich Erfahrung, und Auftraggeber sowie Teilnehmer sch\u00e4tzen dies durchweg. Neben den unvergesslichen Erkenntnissen wird sich jeder, der mit Chris arbeitet, auch f\u00fcr immer an ihr unvergessliches Lachen erinnern. Eine fantastische Mischung aus Fachkenntnissen,...","protected":false},"author":1,"featured_media":0,"parent":0,"menu_order":0,"comment_status":"closed","ping_status":"closed","template":"","meta":{"_acf_changed":false,"footnotes":""},"class_list":["post-5166","page","type-page","status-publish","hentry"],"acf":[],"yoast_head":"<!-- This site is optimized with the Yoast SEO plugin v26.6 - https:\/\/yoast.com\/wordpress\/plugins\/seo\/ -->\n<title>About us - Lumio leadership<\/title>\n<meta name=\"robots\" content=\"index, follow, max-snippet:-1, max-image-preview:large, max-video-preview:-1\" \/>\n<link rel=\"canonical\" href=\"https:\/\/dilumio.com\/de\/ueber-uns\/\" \/>\n<meta property=\"og:locale\" content=\"de_DE\" \/>\n<meta property=\"og:type\" content=\"article\" \/>\n<meta property=\"og:title\" content=\"About us - Lumio leadership\" \/>\n<meta property=\"og:url\" content=\"https:\/\/dilumio.com\/de\/ueber-uns\/\" \/>\n<meta property=\"og:site_name\" content=\"Lumio leadership\" \/>\n<meta property=\"article:modified_time\" content=\"2024-02-16T15:00:58+00:00\" \/>\n<meta name=\"twitter:card\" content=\"summary_large_image\" \/>\n<meta name=\"twitter:label1\" content=\"Gesch\u00e4tzte Lesezeit\" \/>\n\t<meta name=\"twitter:data1\" content=\"2\u00a0Minuten\" \/>\n<script type=\"application\/ld+json\" class=\"yoast-schema-graph\">{\"@context\":\"https:\/\/schema.org\",\"@graph\":[{\"@type\":\"WebPage\",\"@id\":\"https:\/\/dilumio.com\/de\/ueber-uns\/\",\"url\":\"https:\/\/dilumio.com\/de\/ueber-uns\/\",\"name\":\"About us - Lumio leadership\",\"isPartOf\":{\"@id\":\"https:\/\/dilumio.com\/#website\"},\"datePublished\":\"2024-02-15T18:49:25+00:00\",\"dateModified\":\"2024-02-16T15:00:58+00:00\",\"breadcrumb\":{\"@id\":\"https:\/\/dilumio.com\/de\/ueber-uns\/#breadcrumb\"},\"inLanguage\":\"de\",\"potentialAction\":[{\"@type\":\"ReadAction\",\"target\":[\"https:\/\/dilumio.com\/de\/ueber-uns\/\"]}]},{\"@type\":\"BreadcrumbList\",\"@id\":\"https:\/\/dilumio.com\/de\/ueber-uns\/#breadcrumb\",\"itemListElement\":[{\"@type\":\"ListItem\",\"position\":1,\"name\":\"Home\",\"item\":\"https:\/\/dilumio.com\/de\/\"},{\"@type\":\"ListItem\",\"position\":2,\"name\":\"About us\"}]},{\"@type\":\"WebSite\",\"@id\":\"https:\/\/dilumio.com\/#website\",\"url\":\"https:\/\/dilumio.com\/\",\"name\":\"Lumio leadership\",\"description\":\"\",\"potentialAction\":[{\"@type\":\"SearchAction\",\"target\":{\"@type\":\"EntryPoint\",\"urlTemplate\":\"https:\/\/dilumio.com\/?s={search_term_string}\"},\"query-input\":{\"@type\":\"PropertyValueSpecification\",\"valueRequired\":true,\"valueName\":\"search_term_string\"}}],\"inLanguage\":\"de\"}]}<\/script>\n<!-- \/ Yoast SEO plugin. -->","yoast_head_json":{"title":"About us - Lumio leadership","robots":{"index":"index","follow":"follow","max-snippet":"max-snippet:-1","max-image-preview":"max-image-preview:large","max-video-preview":"max-video-preview:-1"},"canonical":"https:\/\/dilumio.com\/de\/ueber-uns\/","og_locale":"de_DE","og_type":"article","og_title":"About us - Lumio leadership","og_url":"https:\/\/dilumio.com\/de\/ueber-uns\/","og_site_name":"Lumio leadership","article_modified_time":"2024-02-16T15:00:58+00:00","twitter_card":"summary_large_image","twitter_misc":{"Gesch\u00e4tzte Lesezeit":"2\u00a0Minuten"},"schema":{"@context":"https:\/\/schema.org","@graph":[{"@type":"WebPage","@id":"https:\/\/dilumio.com\/de\/ueber-uns\/","url":"https:\/\/dilumio.com\/de\/ueber-uns\/","name":"About us - Lumio leadership","isPartOf":{"@id":"https:\/\/dilumio.com\/#website"},"datePublished":"2024-02-15T18:49:25+00:00","dateModified":"2024-02-16T15:00:58+00:00","breadcrumb":{"@id":"https:\/\/dilumio.com\/de\/ueber-uns\/#breadcrumb"},"inLanguage":"de","potentialAction":[{"@type":"ReadAction","target":["https:\/\/dilumio.com\/de\/ueber-uns\/"]}]},{"@type":"BreadcrumbList","@id":"https:\/\/dilumio.com\/de\/ueber-uns\/#breadcrumb","itemListElement":[{"@type":"ListItem","position":1,"name":"Home","item":"https:\/\/dilumio.com\/de\/"},{"@type":"ListItem","position":2,"name":"About us"}]},{"@type":"WebSite","@id":"https:\/\/dilumio.com\/#website","url":"https:\/\/dilumio.com\/","name":"Lumio leadership","description":"","potentialAction":[{"@type":"SearchAction","target":{"@type":"EntryPoint","urlTemplate":"https:\/\/dilumio.com\/?s={search_term_string}"},"query-input":{"@type":"PropertyValueSpecification","valueRequired":true,"valueName":"search_term_string"}}],"inLanguage":"de"}]}},"_links":{"self":[{"href":"https:\/\/dilumio.com\/de\/wp-json\/wp\/v2\/pages\/5166","targetHints":{"allow":["GET"]}}],"collection":[{"href":"https:\/\/dilumio.com\/de\/wp-json\/wp\/v2\/pages"}],"about":[{"href":"https:\/\/dilumio.com\/de\/wp-json\/wp\/v2\/types\/page"}],"author":[{"embeddable":true,"href":"https:\/\/dilumio.com\/de\/wp-json\/wp\/v2\/users\/1"}],"replies":[{"embeddable":true,"href":"https:\/\/dilumio.com\/de\/wp-json\/wp\/v2\/comments?post=5166"}],"version-history":[{"count":0,"href":"https:\/\/dilumio.com\/de\/wp-json\/wp\/v2\/pages\/5166\/revisions"}],"wp:attachment":[{"href":"https:\/\/dilumio.com\/de\/wp-json\/wp\/v2\/media?parent=5166"}],"curies":[{"name":"wp","href":"https:\/\/api.w.org\/{rel}","templated":true}]}}